{"id":10,"date":"2025-11-23T18:08:25","date_gmt":"2025-11-23T18:08:25","guid":{"rendered":"https:\/\/skarja.de\/?page_id=10"},"modified":"2026-01-01T12:32:47","modified_gmt":"2026-01-01T12:32:47","slug":"ueber","status":"publish","type":"page","link":"https:\/\/skarja.de\/index.php\/startseite-2\/ueber\/","title":{"rendered":"Regionen"},"content":{"rendered":"\r\n<p>Hier ein paar Informationen \u00fcber die Nationalparks und die \u00fcbrigen Regionen in denen ich mich herumtreibe.<br \/><br \/><strong>Sarek Nationalpark <\/strong><a href=\"https:\/\/skarja.de\/index.php\/sarek-nationalpark\/\"><span style=\"color: #0000ff;\">(zur Beschreibung)<\/span><\/a><\/p>\r\n<p>Der Sarek ist ein ausgepr\u00e4gtes Hochgebirgsgebiet mit steilen, von<br \/>Gletschern bedeckten Fj\u00e4llmassiven und Hochebenen.<\/p>\r\n<div class=\"item-page\">\r\n<p><strong>Padjelanta Nationalpark <\/strong><a href=\"https:\/\/skarja.de\/index.php\/padjelanta\/\"><span style=\"color: #0000ff;\">(zur Beschreibung)<\/span><\/a><strong><br \/><br \/><\/strong>Eine Hochebene zwischen dem Sarek und der Norwegischen Grenze.<br \/>Der Padjelanta zeichnet sich durch sanft gerundete Bergr\u00fccken, wellige Hochebenen und riesige Wasserfl\u00e4chen aus, die von hohen Bergmassiven umrahmt werden.<strong><br \/><\/strong><\/p>\r\n<p><strong>Sch\u00e4renk\u00fcste<\/strong> <span style=\"color: #0000ff;\">(<a style=\"color: #0000ff;\" href=\"https:\/\/skarja.de\/index.php\/schaeren\/\">zur Beschreibung)<\/a><\/span><br \/><br \/><\/p>\r\n<div data-subtree=\"aimfl,mfl\" data-processed=\"true\">An der schwedischen K\u00fcste gibt es zehntausende von Sch\u00e4ren; der ber\u00fchmte Stockholmer Sch\u00e4rengarten allein umfasst rund 30.000 Inseln, Felsen und Sch\u00e4ren, die sich f\u00e4cherf\u00f6rmig in die Ostsee erstrecken, aber auch Gebiete wie Bohusl\u00e4n an der Westk\u00fcste haben \u00fcber 8.000 Inseln, die eine beeindruckende Sch\u00e4renlandschaft bilden.<span class=\"uJ19be notranslate\" data-wiz-uids=\"CTdFxd_d,CTdFxd_e,CTdFxd_f\" data-processed=\"true\"><span class=\"vKEkVd\" data-animation-atomic=\"\" data-wiz-attrbind=\"class=CTdFxd_d\/TKHnVd;\" data-processed=\"true\">\u00a0<br \/><br \/><br \/><\/span><\/span><\/div>\r\n<div class=\"item-page\">\r\n<h4>Andere Regionen:<\/h4>\r\n<p>Da w\u00e4ren die ganzen Fj\u00e4llregionen Skandinaviens, die Hohe K\u00fcste mit ihrer wundersch\u00f6nen K\u00fcstenlandschaft, auch Norwegen ist nat\u00fcrlich im Visier.<br \/>Die Hohe K\u00fcste werde ich noch genauer untersuchen.<\/p>\r\n<\/div>\r\n<p>&nbsp;<\/p>\r\n<h4><br \/><br \/><\/h4>\r\n<\/div>\r\n","protected":false},"excerpt":{"rendered":"<p>Hier ein paar Informationen \u00fcber die Nationalparks und die \u00fcbrigen Regionen in denen ich mich herumtreibe. Sarek Nationalpark (zur Beschreibung) Der Sarek ist ein ausgepr\u00e4gtes Hochgebirgsgebiet mit steilen, vonGletschern bedeckten Fj\u00e4llmassiven und Hochebenen. Padjelanta Nationalpark (zur Beschreibung) Eine Hochebene zwischen dem Sarek und der Norwegischen Grenze.Der Padjelanta zeichnet sich durch sanft gerundete Bergr\u00fccken, wellige Hochebenen &hellip; <\/p>\n<p class=\"link-more\"><a href=\"https:\/\/skarja.de\/index.php\/startseite-2\/ueber\/\" class=\"more-link\"><span class=\"screen-reader-text\">\u201eRegionen\u201c <\/span>weiterlesen<\/a><\/p>\n","protected":false},"author":1,"featured_media":333,"parent":9,"menu_order":0,"comment_status":"closed","ping_status":"closed","template":"","meta":{"footnotes":""},"class_list":["post-10","page","type-page","status-publish","has-post-thumbnail","hentry"],"_links":{"self":[{"href":"https:\/\/skarja.de\/index.php\/wp-json\/wp\/v2\/pages\/10","targetHints":{"allow":["GET"]}}],"collection":[{"href":"https:\/\/skarja.de\/index.php\/wp-json\/wp\/v2\/pages"}],"about":[{"href":"https:\/\/skarja.de\/index.php\/wp-json\/wp\/v2\/types\/page"}],"author":[{"embeddable":true,"href":"https:\/\/skarja.de\/index.php\/wp-json\/wp\/v2\/users\/1"}],"replies":[{"embeddable":true,"href":"https:\/\/skarja.de\/index.php\/wp-json\/wp\/v2\/comments?post=10"}],"version-history":[{"count":7,"href":"https:\/\/skarja.de\/index.php\/wp-json\/wp\/v2\/pages\/10\/revisions"}],"predecessor-version":[{"id":471,"href":"https:\/\/skarja.de\/index.php\/wp-json\/wp\/v2\/pages\/10\/revisions\/471"}],"up":[{"embeddable":true,"href":"https:\/\/skarja.de\/index.php\/wp-json\/wp\/v2\/pages\/9"}],"wp:featuredmedia":[{"embeddable":true,"href":"https:\/\/skarja.de\/index.php\/wp-json\/wp\/v2\/media\/333"}],"wp:attachment":[{"href":"https:\/\/skarja.de\/index.php\/wp-json\/wp\/v2\/media?parent=10"}],"curies":[{"name":"wp","href":"https:\/\/api.w.org\/{rel}","templated":true}]}}