{"id":212,"date":"2025-12-28T21:45:57","date_gmt":"2025-12-28T21:45:57","guid":{"rendered":"https:\/\/skarja.de\/?page_id=212"},"modified":"2026-01-24T08:26:47","modified_gmt":"2026-01-24T08:26:47","slug":"wandern","status":"publish","type":"page","link":"https:\/\/skarja.de\/index.php\/galerien\/wandern\/","title":{"rendered":"Fotos Wandern"},"content":{"rendered":"<p>Hier die Wanderungen in Fr\u00fchjahr, Sommer und Herbst<\/p>\n<p><a href=\"https:\/\/skarja.de\/Galerien\/wandern\/lappl1984\/\">Sarek 1984<\/a> -die ersten Wanderungen<\/p>\n<p><a href=\"https:\/\/skarja.de\/Galerien\/wandern\/lappl04\/\">Narvikfj\u00e4ll 2004 <\/a><\/p>\n<p><a href=\"https:\/\/skarja.de\/Galerien\/wandern\/lappl05\/\">Padjelanta 2005<\/a><\/p>\n<p><a href=\"https:\/\/skarja.de\/Galerien\/wandern\/lappl06\/\">Sarek 2006<\/a> Eine Sommertour mit sehr vielen Moskitos<\/p>\n<p><a href=\"https:\/\/skarja.de\/Galerien\/wandern\/tiveden2007\/\">Tiveden 2007<\/a><\/p>\n<p><a href=\"https:\/\/skarja.de\/Galerien\/wandern\/lappl07\/\">Narvikfj\u00e4ll 2007<\/a> Herbst<\/p>\n<p><a href=\"https:\/\/skarja.de\/Galerien\/wandern\/lappl08\/\">Sarek 2008<\/a> Im Sp\u00e4therbst<\/p>\n<p><a href=\"https:\/\/skarja.de\/Galerien\/wandern\/lappl0909\/\">Vistasvagge 2009<\/a> Herbst<\/p>\n<p><a href=\"https:\/\/skarja.de\/Galerien\/wandern\/lappl1010\/\">Narvikfj\u00e4ll 2010<\/a> Herbst<\/p>\n<p><a href=\"https:\/\/skarja.de\/Galerien\/wandern\/lappl1208\/\">Sarek 2012\u00a0<\/a><\/p>\n<p><a href=\"https:\/\/skarja.de\/Galerien\/wandern\/lappl2013_1\/\">Sarek 2013<\/a> Sommer mit Jugendlichen<\/p>\n<p><a href=\"https:\/\/skarja.de\/Galerien\/wandern\/lappl2013_2\/\">Sarek 2013<\/a> Herbst<\/p>\n<p><a href=\"https:\/\/skarja.de\/Galerien\/wandern\/2016_Vistas\/\">Vistasvagge 2016<\/a><\/p>\n<p><a href=\"https:\/\/skarja.de\/Galerien\/wandern\/Sarek_2016\/\">Sarek 2016<\/a> Herbst<\/p>\n<p><a href=\"https:\/\/skarja.de\/Galerien\/wandern\/HK_2206\/\">H\u00f6ga Kusten Leden 2022<\/a> 3 Etappen im Mai<\/p>\n<p><a href=\"https:\/\/skarja.de\/Galerien\/wandern\/hohekust2210\/\">Hohe K\u00fcste Skuleskogen<\/a> Nationalpark 2022<\/p>\n<p><a href=\"https:\/\/skarja.de\/Galerien\/wandern\/jamtl2025\/\">J\u00e4mtlandstriangeln 2025<\/a><\/p>\n<p>&nbsp;<\/p>\n<p>&nbsp;<\/p>\n","protected":false},"excerpt":{"rendered":"<p>Hier die Wanderungen in Fr\u00fchjahr, Sommer und Herbst Sarek 1984 -die ersten Wanderungen Narvikfj\u00e4ll 2004 Padjelanta 2005 Sarek 2006 Eine Sommertour mit sehr vielen Moskitos Tiveden 2007 Narvikfj\u00e4ll 2007 Herbst Sarek 2008 Im Sp\u00e4therbst Vistasvagge 2009 Herbst Narvikfj\u00e4ll 2010 Herbst Sarek 2012\u00a0 Sarek 2013 Sommer mit Jugendlichen Sarek 2013 Herbst Vistasvagge 2016 Sarek 2016 Herbst &hellip; <\/p>\n<p class=\"link-more\"><a href=\"https:\/\/skarja.de\/index.php\/galerien\/wandern\/\" class=\"more-link\"><span class=\"screen-reader-text\">\u201eFotos Wandern\u201c <\/span>weiterlesen<\/a><\/p>\n","protected":false},"author":1,"featured_media":340,"parent":205,"menu_order":0,"comment_status":"closed","ping_status":"closed","template":"","meta":{"footnotes":""},"class_list":["post-212","page","type-page","status-publish","has-post-thumbnail","hentry"],"_links":{"self":[{"href":"https:\/\/skarja.de\/index.php\/wp-json\/wp\/v2\/pages\/212","targetHints":{"allow":["GET"]}}],"collection":[{"href":"https:\/\/skarja.de\/index.php\/wp-json\/wp\/v2\/pages"}],"about":[{"href":"https:\/\/skarja.de\/index.php\/wp-json\/wp\/v2\/types\/page"}],"author":[{"embeddable":true,"href":"https:\/\/skarja.de\/index.php\/wp-json\/wp\/v2\/users\/1"}],"replies":[{"embeddable":true,"href":"https:\/\/skarja.de\/index.php\/wp-json\/wp\/v2\/comments?post=212"}],"version-history":[{"count":17,"href":"https:\/\/skarja.de\/index.php\/wp-json\/wp\/v2\/pages\/212\/revisions"}],"predecessor-version":[{"id":428,"href":"https:\/\/skarja.de\/index.php\/wp-json\/wp\/v2\/pages\/212\/revisions\/428"}],"up":[{"embeddable":true,"href":"https:\/\/skarja.de\/index.php\/wp-json\/wp\/v2\/pages\/205"}],"wp:featuredmedia":[{"embeddable":true,"href":"https:\/\/skarja.de\/index.php\/wp-json\/wp\/v2\/media\/340"}],"wp:attachment":[{"href":"https:\/\/skarja.de\/index.php\/wp-json\/wp\/v2\/media?parent=212"}],"curies":[{"name":"wp","href":"https:\/\/api.w.org\/{rel}","templated":true}]}}