{"id":229,"date":"2025-12-28T22:23:15","date_gmt":"2025-12-28T22:23:15","guid":{"rendered":"https:\/\/skarja.de\/?page_id=229"},"modified":"2026-01-24T08:28:39","modified_gmt":"2026-01-24T08:28:39","slug":"galerie-paddeln","status":"publish","type":"page","link":"https:\/\/skarja.de\/index.php\/galerien\/galerie-paddeln\/","title":{"rendered":"Fotos Paddeln"},"content":{"rendered":"<p>Hier die Paddelbilder<br \/>\n(in Bearbeitung)<\/p>\n<p><a href=\"https:\/\/skarja.de\/Galerien\/paddeln\/2002_lappl2\">2002 mit Klepper in Lappland\u00a0<\/a><\/p>\n<p><a href=\"https:\/\/skarja.de\/Galerien\/paddeln\/2002_Ostk2\">2002 Ostk\u00fcste im Klepper<\/a><\/p>\n<p><a href=\"https:\/\/skarja.de\/Galerien\/paddeln\/2004_06_bohus2\">2004 Westk\u00fcste<\/a><\/p>\n<p><a href=\"https:\/\/skarja.de\/Galerien\/paddeln\/2004McPomm2\">2004 Mecklenburger Seen<\/a><\/p>\n<p><a href=\"https:\/\/skarja.de\/Galerien\/paddeln\/2005_09_Ostk2\">2005 V\u00e4stervik-Misterhult<\/a><\/p>\n<p><a href=\"https:\/\/skarja.de\/Galerien\/paddeln\/2006_westk2\">2006 Bohusk\u00fcste Oktober<\/a><\/p>\n<p><a href=\"https:\/\/skarja.de\/Galerien\/paddeln\/2008_05_orust2\">2008 Westk\u00fcste Mai<\/a><\/p>\n<p><a href=\"https:\/\/skarja.de\/Galerien\/paddeln\/2009_05_Mhult2\">2009 Misterhult Sch\u00e4ren<\/a><\/p>\n<p>&nbsp;<\/p>\n<p>&nbsp;<\/p>\n","protected":false},"excerpt":{"rendered":"<p>Hier die Paddelbilder (in Bearbeitung) 2002 mit Klepper in Lappland\u00a0 2002 Ostk\u00fcste im Klepper 2004 Westk\u00fcste 2004 Mecklenburger Seen 2005 V\u00e4stervik-Misterhult 2006 Bohusk\u00fcste Oktober 2008 Westk\u00fcste Mai 2009 Misterhult Sch\u00e4ren &nbsp; &nbsp;<\/p>\n","protected":false},"author":1,"featured_media":343,"parent":205,"menu_order":0,"comment_status":"closed","ping_status":"closed","template":"","meta":{"footnotes":""},"class_list":["post-229","page","type-page","status-publish","has-post-thumbnail","hentry"],"_links":{"self":[{"href":"https:\/\/skarja.de\/index.php\/wp-json\/wp\/v2\/pages\/229","targetHints":{"allow":["GET"]}}],"collection":[{"href":"https:\/\/skarja.de\/index.php\/wp-json\/wp\/v2\/pages"}],"about":[{"href":"https:\/\/skarja.de\/index.php\/wp-json\/wp\/v2\/types\/page"}],"author":[{"embeddable":true,"href":"https:\/\/skarja.de\/index.php\/wp-json\/wp\/v2\/users\/1"}],"replies":[{"embeddable":true,"href":"https:\/\/skarja.de\/index.php\/wp-json\/wp\/v2\/comments?post=229"}],"version-history":[{"count":8,"href":"https:\/\/skarja.de\/index.php\/wp-json\/wp\/v2\/pages\/229\/revisions"}],"predecessor-version":[{"id":765,"href":"https:\/\/skarja.de\/index.php\/wp-json\/wp\/v2\/pages\/229\/revisions\/765"}],"up":[{"embeddable":true,"href":"https:\/\/skarja.de\/index.php\/wp-json\/wp\/v2\/pages\/205"}],"wp:featuredmedia":[{"embeddable":true,"href":"https:\/\/skarja.de\/index.php\/wp-json\/wp\/v2\/media\/343"}],"wp:attachment":[{"href":"https:\/\/skarja.de\/index.php\/wp-json\/wp\/v2\/media?parent=229"}],"curies":[{"name":"wp","href":"https:\/\/api.w.org\/{rel}","templated":true}]}}