{"id":347,"date":"2025-12-29T16:37:52","date_gmt":"2025-12-29T16:37:52","guid":{"rendered":"https:\/\/skarja.de\/?page_id=347"},"modified":"2026-02-01T08:14:07","modified_gmt":"2026-02-01T08:14:07","slug":"wandern","status":"publish","type":"page","link":"https:\/\/skarja.de\/index.php\/wandern\/","title":{"rendered":"Wandern"},"content":{"rendered":"<div class=\"item-page\">\n<p>Als <em>Weitwandern<\/em> bezeichnet man eine Wandertour, die \u00fcber gr\u00f6\u00dfere Strecken f\u00fchrt, und bei der man mehrere Tage unterwegs ist. Von <em>Fernwandern<\/em> in speziellen spricht man, wenn nicht beabsichtigt ist, im Verlauf der Tour an den Ausgangspunkt zur\u00fcckzukehren. <em>Trekking<\/em> ist Weitwandern abseits markierter Routen.<\/p>\n<p><img loading=\"lazy\" decoding=\"async\" class=\"\" src=\"http:\/\/www.skarja.de\/Galerien\/wandern\/lappl08\/photos\/IMG_0096.jpg\" alt=\"Wanderer\" width=\"599\" height=\"400\" border=\"0\" \/><\/p>\n<p>Bei der Jugendbewegung und den Pfadfindern wird das Wandern mit Zelt meist als auf Fahrt gehen bezeichnet. Fahrten dauern meist ein Wochenende bis drei Wochen.<\/p>\n<p>Das Weitwandern als Aspekt des Bergsports wurde schon 1912 von Du\u00d6AV-Sekret\u00e4r Josef Moriggl angedacht, der sich mit dem Wandern von H\u00fctte zu H\u00fctte befasste. Der Alpinschriftsteller E.\u00a0Benesch beschrieb 1932 drei Weitwanderrouten im Alpenraum. Im Laufe der 1960er und 70er Jahre entstehen zunehmend durchmarkierte Routen, auch weil man den wirtschaftlichen Aspekt des Weitwanderns erkennt \u2013 der Weitwanderer ist an die lokalen Ressourcen gebunden. In dieser Zeit werden auch die ersten \u00fcberregionalen Vereine gegr\u00fcndet. Ab 1969 bestehen die Pl\u00e4ne, europaweites Fernwandern durch geeignete Routen attraktiv zu machen. Parallel entwickelt sich die Wilderness-Bewegung Nordamerikas, die von den Naturreservaten ausgehend zu analogen Weit- und Fernwegen (engl. <em>Trail<\/em>) f\u00fchrt. Zum weltweiten Ph\u00e4nomen wird Weitwandern als Freizeitgestaltung <em>Trekking<\/em> ab der Zeit, in denen die \u201eexotischen\u201c Gebirge wie Himalaya oder Anden f\u00fcr einen \u00fcber Expeditionen hinausgehenden breitenwirksamen <span class=\"new\">Ferntourismus<\/span> erschlossen werden.<\/p>\n<p><img loading=\"lazy\" decoding=\"async\" class=\"alignnone wp-image-351\" src=\"https:\/\/skarja.de\/wp-content\/uploads\/2025\/12\/MG_0110-300x200.jpg\" alt=\"\" width=\"601\" height=\"400\" srcset=\"https:\/\/skarja.de\/wp-content\/uploads\/2025\/12\/MG_0110-300x200.jpg 300w, https:\/\/skarja.de\/wp-content\/uploads\/2025\/12\/MG_0110-768x512.jpg 768w, https:\/\/skarja.de\/wp-content\/uploads\/2025\/12\/MG_0110.jpg 960w\" sizes=\"auto, (max-width: 601px) 100vw, 601px\" \/><\/p>\n<p>Meine Art des Wanderns ist eindeutig Erlebnisorientiert. Das heisst, ich gehe lange Strecken, mit vielen Pausen, wobei das beobachten und Erleben von Natur und Landschaft an erster Stelle steht.<\/p>\n<p>Vom schnellen A nach B rennen halte ich nicht sonderlich viel. Dazu ist mir die Landschaft Skandinaviens zu sch\u00f6n&#8230;<\/p>\n<p><span style=\"color: #0000ff;\">Ein Bericht:<\/span><br \/>\n<span style=\"color: #0000ff;\"><a style=\"color: #0000ff;\" href=\"https:\/\/skarja.de\/index.php\/stinksockentour\/\">Die SAREK STINKSOCKENTOUR<\/a><\/span><\/p>\n<\/div>\n<p>&nbsp;<\/p>\n","protected":false},"excerpt":{"rendered":"<p>Als Weitwandern bezeichnet man eine Wandertour, die \u00fcber gr\u00f6\u00dfere Strecken f\u00fchrt, und bei der man mehrere Tage unterwegs ist. Von Fernwandern in speziellen spricht man, wenn nicht beabsichtigt ist, im Verlauf der Tour an den Ausgangspunkt zur\u00fcckzukehren. Trekking ist Weitwandern abseits markierter Routen. Bei der Jugendbewegung und den Pfadfindern wird das Wandern mit Zelt meist &hellip; <\/p>\n<p class=\"link-more\"><a href=\"https:\/\/skarja.de\/index.php\/wandern\/\" class=\"more-link\"><span class=\"screen-reader-text\">\u201eWandern\u201c <\/span>weiterlesen<\/a><\/p>\n","protected":false},"author":1,"featured_media":335,"parent":0,"menu_order":0,"comment_status":"closed","ping_status":"closed","template":"","meta":{"footnotes":""},"class_list":["post-347","page","type-page","status-publish","has-post-thumbnail","hentry"],"_links":{"self":[{"href":"https:\/\/skarja.de\/index.php\/wp-json\/wp\/v2\/pages\/347","targetHints":{"allow":["GET"]}}],"collection":[{"href":"https:\/\/skarja.de\/index.php\/wp-json\/wp\/v2\/pages"}],"about":[{"href":"https:\/\/skarja.de\/index.php\/wp-json\/wp\/v2\/types\/page"}],"author":[{"embeddable":true,"href":"https:\/\/skarja.de\/index.php\/wp-json\/wp\/v2\/users\/1"}],"replies":[{"embeddable":true,"href":"https:\/\/skarja.de\/index.php\/wp-json\/wp\/v2\/comments?post=347"}],"version-history":[{"count":5,"href":"https:\/\/skarja.de\/index.php\/wp-json\/wp\/v2\/pages\/347\/revisions"}],"predecessor-version":[{"id":822,"href":"https:\/\/skarja.de\/index.php\/wp-json\/wp\/v2\/pages\/347\/revisions\/822"}],"wp:featuredmedia":[{"embeddable":true,"href":"https:\/\/skarja.de\/index.php\/wp-json\/wp\/v2\/media\/335"}],"wp:attachment":[{"href":"https:\/\/skarja.de\/index.php\/wp-json\/wp\/v2\/media?parent=347"}],"curies":[{"name":"wp","href":"https:\/\/api.w.org\/{rel}","templated":true}]}}