{"id":353,"date":"2025-12-29T16:40:05","date_gmt":"2025-12-29T16:40:05","guid":{"rendered":"https:\/\/skarja.de\/?page_id=353"},"modified":"2025-12-29T18:42:14","modified_gmt":"2025-12-29T18:42:14","slug":"ausruestung","status":"publish","type":"page","link":"https:\/\/skarja.de\/index.php\/ausruestung\/","title":{"rendered":"Ausr\u00fcstung"},"content":{"rendered":"<h4><\/h4>\n<p>Was die Ausr\u00fcstung angeht gibt es unendlich viele M\u00f6glichkeiten.<br \/>\nJe nachzdem was einem wichtig erscheint- eventuell besonders leicht wandern, besonders sicher, manche m\u00f6gen es barfu\u00df, manche in schweren Stiefeln.<br \/>\nIch beziehe mich hier auf die Ausr\u00fcstung f\u00fcr <strong>Wintertouren<\/strong>.<br \/>\nUnd auf das was mir wichtig erscheint.<\/p>\n<h4>Schlafsack:<\/h4>\n<p>Hier ist Daune unbedingt von Vorteil. Ein guter dicker Daunenschlafsack mit ordentlich Daune und am besten einer wasserabweisenden H\u00fclle. Denn der Atem gefriert oft an den zeltinnenw\u00e4nden und da kann schon mal etwas Eis IM Zelt niederrieseln. Wichtig auch wenn man l\u00e4ngere Zeit, also mehr als etwa 3 Tage hintereinender bei tiefen Themperaturen zeltet- eine wasserdichte Innent\u00fcte, ein sog. Vapor-Barrier-Liner (VBL). Dieser sorgt daf\u00fcr dass kein Schweiss den Daunen- oder auch Kunstfaserschlafsack durchfeuchtet.<\/p>\n<p>Auch wichtig- eine dickere Unterlage. z.B. 1,5 cm Evazote- aufblasbare Matten werden auch gerne genommen, aber damit habe ich eher schlechte Erfahrungen gemacht. Wenn sie Luft verlieren wird es kalt am R\u00fccken. Ich bevorzuge ein Fell zus\u00e4tzlich zur Evazotematte.<\/p>\n<h4>Zelt:<\/h4>\n<p>Da gehen die Geschm\u00e4cker auseinender, ich bevorzuge in erster Linie stabile hochwertige Zelte, ob Tunnel oder Kuppel ist nicht so wichtig. Beachte sollte man dass genug Platz vorhanden ist um auch im Zelt zu kochen wenn n\u00f6tig! Das geht gut indem man einen entsprechenden Vorraum gestaltet.<\/p>\n<p><img loading=\"lazy\" decoding=\"async\" src=\"https:\/\/skarja.de\/Galerien\/winter\/wi2011\/photos\/DSC__0123.jpg\" alt=\"Winterapside\" width=\"500\" height=\"332\" border=\"0\" \/><\/p>\n<p>&nbsp;<\/p>\n<h4>Kocher:<\/h4>\n<p>Wie man auf obigem Bild sieht- auch ein etwas robusteres Modell. Vorzugsweise ohne Kunststoffteile, auch am liebsten mit Petroleum als Brennstoff da Benzin zu leicht entflammbar ist um in der Apside zu kochen. Ist aber meine Meinung, da gibt es auch andere.<br \/>\nMein LWinterliebling ist ein alter Optimus Hiker 111T aus Milit\u00e4rbest\u00e4nden.<\/p>\n<p><strong>Kleidung:<\/strong><\/p>\n<p>Als Unterw\u00e4sche- Merinowolle. Leichte T-Shirts in Wolle , ebenso die Socken und d\u00fcnne Handschuhe.<\/p>\n<p>Dar\u00fcber am liebsten &#8222;Ullfrott\u00e9&#8220;, ein Kunst- Wollgemisch welches sehr warm h\u00e4lt und doch luftig ist.<\/p>\n<p>\u00dcber dieser kommt die Schale- normale Wanderbekleidung aus Gore- und sonstigem Tex- ich mag nach wie vor auch die alten norwegischen Anoraks und Skihosen aus Baumwolle.<\/p>\n<p>F\u00fcr Pausen und am Abend: Daunenjacke, Daunenf\u00fcsslinge sowei extra dicke Handschuhe. Es ist einfach sch\u00f6ner wenn man l\u00e4nger draussen sitzen kann ohen zu frieren.<\/p>\n<p>Desweiteren- d\u00fcnne Lederhandschuhe zum Kochen, wichtig ist Sonnenbrille, Skibrille und die &#8222;Strurmhaube&#8220;, diese auch eventuell zumSchlafen. Ich habe meist mehrere dabei. (aus Ullfrott\u00e9 ebenfalls).<\/p>\n<p>&nbsp;<\/p>\n<h4>Skiausr\u00fcstung:<\/h4>\n<p>Hier gibt es eine breite Auswahl an sog. Backcountry- Skiern.<\/p>\n<p>Wichtig- stabilere grosse! Schuhe in die man auch mal ein zus\u00e4tzliches Paar Socken zeihen kann. Sowie Skier mit Stahlkante, es ist einfach angenehmer bei steleren Hanglagen.<\/p>\n<p>Pulka: ein &#8222;Schlitten&#8220; in dem man seine Ausr\u00fcstung packen kann und der mehr oder weniger gem\u00fctlich hinterhergezogen wird.<\/p>\n<p><img loading=\"lazy\" decoding=\"async\" src=\"https:\/\/skarja.de\/Galerien\/winter\/wi2007\/photos\/_MG_0008.jpg\" alt=\"Pulken\" width=\"600\" height=\"400\" border=\"0\" \/><\/p>\n","protected":false},"excerpt":{"rendered":"<p>Was die Ausr\u00fcstung angeht gibt es unendlich viele M\u00f6glichkeiten. Je nachzdem was einem wichtig erscheint- eventuell besonders leicht wandern, besonders sicher, manche m\u00f6gen es barfu\u00df, manche in schweren Stiefeln. Ich beziehe mich hier auf die Ausr\u00fcstung f\u00fcr Wintertouren. Und auf das was mir wichtig erscheint. Schlafsack: Hier ist Daune unbedingt von Vorteil. Ein guter dicker &hellip; <\/p>\n<p class=\"link-more\"><a href=\"https:\/\/skarja.de\/index.php\/ausruestung\/\" class=\"more-link\"><span class=\"screen-reader-text\">\u201eAusr\u00fcstung\u201c <\/span>weiterlesen<\/a><\/p>\n","protected":false},"author":1,"featured_media":426,"parent":0,"menu_order":0,"comment_status":"closed","ping_status":"closed","template":"","meta":{"footnotes":""},"class_list":["post-353","page","type-page","status-publish","has-post-thumbnail","hentry"],"_links":{"self":[{"href":"https:\/\/skarja.de\/index.php\/wp-json\/wp\/v2\/pages\/353","targetHints":{"allow":["GET"]}}],"collection":[{"href":"https:\/\/skarja.de\/index.php\/wp-json\/wp\/v2\/pages"}],"about":[{"href":"https:\/\/skarja.de\/index.php\/wp-json\/wp\/v2\/types\/page"}],"author":[{"embeddable":true,"href":"https:\/\/skarja.de\/index.php\/wp-json\/wp\/v2\/users\/1"}],"replies":[{"embeddable":true,"href":"https:\/\/skarja.de\/index.php\/wp-json\/wp\/v2\/comments?post=353"}],"version-history":[{"count":6,"href":"https:\/\/skarja.de\/index.php\/wp-json\/wp\/v2\/pages\/353\/revisions"}],"predecessor-version":[{"id":367,"href":"https:\/\/skarja.de\/index.php\/wp-json\/wp\/v2\/pages\/353\/revisions\/367"}],"wp:featuredmedia":[{"embeddable":true,"href":"https:\/\/skarja.de\/index.php\/wp-json\/wp\/v2\/media\/426"}],"wp:attachment":[{"href":"https:\/\/skarja.de\/index.php\/wp-json\/wp\/v2\/media?parent=353"}],"curies":[{"name":"wp","href":"https:\/\/api.w.org\/{rel}","templated":true}]}}