{"id":368,"date":"2025-12-29T17:01:15","date_gmt":"2025-12-29T17:01:15","guid":{"rendered":"https:\/\/skarja.de\/?page_id=368"},"modified":"2026-04-01T08:54:54","modified_gmt":"2026-04-01T08:54:54","slug":"sarek-nationalpark","status":"publish","type":"page","link":"https:\/\/skarja.de\/index.php\/sarek-nationalpark\/","title":{"rendered":"Sarek Nationalpark"},"content":{"rendered":"<h1><strong>Sarek Nationalpark<\/strong><\/h1>\n<p><img loading=\"lazy\" decoding=\"async\" class=\"alignnone wp-image-570\" src=\"https:\/\/skarja.de\/wp-content\/uploads\/2026\/01\/IMG_0212-300x200.jpg\" alt=\"\" width=\"599\" height=\"399\" srcset=\"https:\/\/skarja.de\/wp-content\/uploads\/2026\/01\/IMG_0212-300x200.jpg 300w, https:\/\/skarja.de\/wp-content\/uploads\/2026\/01\/IMG_0212-768x512.jpg 768w, https:\/\/skarja.de\/wp-content\/uploads\/2026\/01\/IMG_0212.jpg 1000w\" sizes=\"auto, (max-width: 599px) 100vw, 599px\" \/><\/p>\n<p>&nbsp;<\/p>\n<p>Der Sarek ist ein ausgepr\u00e4gtes Hochgebirgsgebiet mit steilen, von<br \/>\nGletschern bedeckten Fj\u00e4llmassiven und Hochebenen.<\/p>\n<div class=\"item-page\">\n<p>Hochgebirge\u2026<br \/>\nDer Sarek ist das gr\u00f6\u00dfte Hochgebirgsgebiet Schwedens. Im Nationalpark gibt es ca. 200 Gipfel \u00fcber 1.800 m \u00fc.d.M., 6 liegen \u00fcber 2.000 m \u00fc.d.M. Der alpine Charakter des Parks wird durch die vielen Gletscher weiter verst\u00e4rkt . Der Sarek verf\u00fcgt \u00fcber eine gro\u00dfe Anzahl von Flu\u00dfl\u00e4ufen, durch welche die reichen Niederschl\u00e4ge (bis zu 2.000 mm\/Jahr) und die Schmelzwasser der Gletscher abflie\u00dfen. Der Rapa\u00e4tnao, die Pulsader des Sarek , str\u00f6mt durch das Tal Rapadalen dem zugeschwemmten,<br \/>\nverlandeten See Rapaselet zu und ergie\u00dft sich schlie\u00dflich in das gr\u00f6\u00dfte Delta des Landes &#8211; das Laitaure-Delta. Die Hochgebirgsmassive bestehen aus hartem und gegen Erosion widerstandsf\u00e4higem<br \/>\nAmphibolit Die darunterliegenden Syenit- und Granitschichten treten im \u00f6stlichen Teil des Parks an die Oberfl\u00e4che. Im Westteil in Richtung Padjelanta st\u00f6\u00dft man auf kalkhaltigen Sandstein und Schiefergestein.<\/p>\n<p><img loading=\"lazy\" decoding=\"async\" class=\" wp-image-661\" src=\"https:\/\/skarja.de\/wp-content\/uploads\/2026\/01\/P9190469-300x225.jpg\" alt=\"\" width=\"600\" height=\"450\" srcset=\"https:\/\/skarja.de\/wp-content\/uploads\/2026\/01\/P9190469-300x225.jpg 300w, https:\/\/skarja.de\/wp-content\/uploads\/2026\/01\/P9190469-1024x768.jpg 1024w, https:\/\/skarja.de\/wp-content\/uploads\/2026\/01\/P9190469-768x576.jpg 768w, https:\/\/skarja.de\/wp-content\/uploads\/2026\/01\/P9190469-1536x1152.jpg 1536w, https:\/\/skarja.de\/wp-content\/uploads\/2026\/01\/P9190469-2048x1536.jpg 2048w\" sizes=\"auto, (max-width: 600px) 100vw, 600px\" \/><\/p>\n<p>Alpine Pflanzengemeinschaften\u2026<br \/>\nDie Vegetation wird bestimmt durch die alpinen Wachstumszonen mit verschiedenen Typen von Zwergstrauch- und Grasheiden. Montaner Birkenwald und dichtes Weidengestr\u00fcpp wachsen in erster Linie im Rapadalen sowie auf den Partek-Ebenen und dem flacheren Njatsosvagge, wo sich auch ein Gebiet mit Kiefernurwald befindet. In den hochalpinen Regionen trifft man auf anspruchslosere Arten wie L\u00e4usekraut (Pedicularis hirsuta) und Bunten Steinbrech sowie auf Schwedens h\u00f6chsten Standort einer Gef\u00e4\u00dfpflanze den des Gletscher-Hahnenfu\u00dfes. In den tieferliegenden Gebieten ist die Flora eher<br \/>\ngew\u00f6hnlich mit Europ\u00e4ischer Trollblume, Nordischem Eisenhut, AlpenVerschiedenbl\u00e4ttriger Kratzdistel, Echtem M\u00e4des\u00fc\u00df u.a.<br \/>\nAnbestimmten Standorten kann die Flora jedoch reicher sein mit Achtbl\u00e4ttrigem Silberwurz, Lichtnelke und Einbl\u00fctiger Glockenblume. Ca. 320 h\u00f6here Gew\u00e4chsarten wurden registriert.<\/p>\n<p><img loading=\"lazy\" decoding=\"async\" class=\" wp-image-656\" src=\"https:\/\/skarja.de\/wp-content\/uploads\/2026\/01\/P9130077-300x225.jpg\" alt=\"\" width=\"603\" height=\"452\" srcset=\"https:\/\/skarja.de\/wp-content\/uploads\/2026\/01\/P9130077-300x225.jpg 300w, https:\/\/skarja.de\/wp-content\/uploads\/2026\/01\/P9130077-1024x768.jpg 1024w, https:\/\/skarja.de\/wp-content\/uploads\/2026\/01\/P9130077-768x576.jpg 768w, https:\/\/skarja.de\/wp-content\/uploads\/2026\/01\/P9130077-1536x1152.jpg 1536w, https:\/\/skarja.de\/wp-content\/uploads\/2026\/01\/P9130077-2048x1536.jpg 2048w\" sizes=\"auto, (max-width: 603px) 100vw, 603px\" \/><\/p>\n<p>\u2026und grosse Sarek- Elche<br \/>\nDie Tierwelt ist in den Birkenwaldt\u00e4lern am Blaukehlchen, Spornammer, Bergfink und Fitis sind dort oft zu beobachtende Kleinvogelarten.<br \/>\nIn der Partek-Ebene halten sich Odinsh\u00fchnchen und der heute seltengewordene Sumpfl\u00e4ufer auf. Die Hochplateaus bieten Schneeammer, Meerstrandl\u00e4ufer und Mornellregenpfeifer einen Lebensraum.<br \/>\nGerfalke und Steinadler ziehen dort am Himmel ihre Kreise. Im Rapadalen kann man gelegentlich eines der gro\u00dfen Raubtiere wie B\u00e4r, Luchs oder Vielfra\u00df zu sehen bekommen. Auch die gro\u00dfen und<br \/>\nlegend\u00e4ren Sarek-Elche sind in diesem Parkteil beheimatet.<\/p>\n<h1><img loading=\"lazy\" decoding=\"async\" class=\"alignnone wp-image-760\" src=\"https:\/\/skarja.de\/wp-content\/uploads\/2026\/01\/P9240649-300x225.jpg\" alt=\"\" width=\"600\" height=\"450\" srcset=\"https:\/\/skarja.de\/wp-content\/uploads\/2026\/01\/P9240649-300x225.jpg 300w, https:\/\/skarja.de\/wp-content\/uploads\/2026\/01\/P9240649-1024x768.jpg 1024w, https:\/\/skarja.de\/wp-content\/uploads\/2026\/01\/P9240649-768x576.jpg 768w, https:\/\/skarja.de\/wp-content\/uploads\/2026\/01\/P9240649.jpg 1200w\" sizes=\"auto, (max-width: 600px) 100vw, 600px\" \/><\/h1>\n<p>&nbsp;<\/p>\n<p>&nbsp;<\/p>\n<p>Nahezu unber\u00fchrt\u2026<br \/>\nDiese Wildnis tr\u00e4gt nur wenige Spuren menschlicher Aktivit\u00e4ten, abgesehen von der seit Urzeiten \u00fcblichen Nutzung der Region durch die Samen und die Grubenbetriebe bei Alkavare und \u00c4par. Bei Alkavare wurde w\u00e4hrend des 17. Jh.s blei- und silberhaltiges Sulfiterz abgebaut; dort befindet sich auch eine Kapelle. Bei \u00c4par gewann man w\u00e4hrend des 2. Weltkrieges Magnesit.<\/p>\n<p><img loading=\"lazy\" decoding=\"async\" class=\"alignnone wp-image-667\" src=\"https:\/\/skarja.de\/wp-content\/uploads\/2026\/01\/P1030433-300x200.jpg\" alt=\"\" width=\"600\" height=\"400\" srcset=\"https:\/\/skarja.de\/wp-content\/uploads\/2026\/01\/P1030433-300x200.jpg 300w, https:\/\/skarja.de\/wp-content\/uploads\/2026\/01\/P1030433-1024x684.jpg 1024w, https:\/\/skarja.de\/wp-content\/uploads\/2026\/01\/P1030433-768x513.jpg 768w, https:\/\/skarja.de\/wp-content\/uploads\/2026\/01\/P1030433-1536x1026.jpg 1536w, https:\/\/skarja.de\/wp-content\/uploads\/2026\/01\/P1030433-2048x1368.jpg 2048w\" sizes=\"auto, (max-width: 600px) 100vw, 600px\" \/><\/p>\n<p>-auch in Zukunft\u2026<br \/>\nZielsetzung der Einrichtung des Nationalparks ist die Erhaltung einer ausgepr\u00e4gten Hochgebirgslandschaft in ihrer nat\u00fcrlichen Beschaffenheit.<br \/>\nF\u00fcr den Park existiert ein festgelegter Pflegeplan. Besondere R\u00fccksichtnahme wird dabei der Berufsaus\u00fcbung der Samen entgegengebracht.<br \/>\nDem Sarek wurde das Naturschutzdiplom des Europarates verliehen.<\/p>\n<p>Einrichtung des Nationalparks: 1909.<br \/>\nGesamtft\u00e4che: 197.000 ha, davon 15.800 ha montaner Birkenwald, 1.900<br \/>\nha Nadelwald, 14.800 ha Gletscherfl\u00e4che, 1.700 ha Moore, 3.900 ha<br \/>\nWasserfl\u00e4che; Rest Kahlgebirge.<br \/>\nLage: zwischen den Quellseen der Fl\u00fcsse Stora und Lilla Lule\u00e4lv, 50 km<br \/>\n\u00f6stlich der norwegischen Grenze, in der Gemeinde Jokkmokk, Provinz<br \/>\nNorrbotten.<br \/>\nEinrichtungen : In gr\u00f6\u00dferen Teilen des Parks fehlen gekennzeichnete Wanderpfade und Ubernachtungsh\u00fctten. Im S\u00fcden f\u00fchrt der &#8222;Kungsleden&#8220; auf einer L\u00e4nge von 16 km durch den Park. \u00dcbernachtungsh\u00fctten l\u00e4ngs des &#8222;Kungsleden&#8220; gibt es bei Aktse und Parte.<br \/>\nDer Sarek stellt hohe Anspr\u00fcche an diese , deshalb empfiehlt er<br \/>\nsich nur f\u00fcr erfahrene Gebirgswanderer.<\/p>\n<\/div>\n<h2><strong>Hier eine Zusammenfassung \u00fcber die wichtigsten T\u00e4ler des Sarek- Nationalparkes<\/strong><\/h2>\n<p>Die Karte des Sarek: (Klick zur Vergr\u00f6sserung)<\/p>\n<p><a href=\"https:\/\/skarja.de\/Galerien\/BD10.jpg\" target=\"_blank\" rel=\"noopener\"><img loading=\"lazy\" decoding=\"async\" class=\"alignnone wp-image-400\" src=\"https:\/\/skarja.de\/wp-content\/uploads\/2025\/12\/BD10-300x264.jpg\" alt=\"\" width=\"359\" height=\"316\" srcset=\"https:\/\/skarja.de\/wp-content\/uploads\/2025\/12\/BD10-300x264.jpg 300w, https:\/\/skarja.de\/wp-content\/uploads\/2025\/12\/BD10-1024x901.jpg 1024w, https:\/\/skarja.de\/wp-content\/uploads\/2025\/12\/BD10-768x676.jpg 768w, https:\/\/skarja.de\/wp-content\/uploads\/2025\/12\/BD10-1536x1352.jpg 1536w, https:\/\/skarja.de\/wp-content\/uploads\/2025\/12\/BD10-2048x1802.jpg 2048w\" sizes=\"auto, (max-width: 359px) 100vw, 359px\" \/><\/a><\/p>\n<div id=\"header\">\n<div id=\"headercontent\">\n<div id=\"breadcrumb\">\n<div class=\"breadcrumbs\">\n<p><strong>Das Rapadalen<\/strong><\/p>\n<p><img loading=\"lazy\" decoding=\"async\" class=\"wp-image-371 alignnone\" src=\"https:\/\/skarja.de\/wp-content\/uploads\/2025\/12\/DSC_0121-300x199.jpg\" alt=\"\" width=\"571\" height=\"379\" srcset=\"https:\/\/skarja.de\/wp-content\/uploads\/2025\/12\/DSC_0121-300x199.jpg 300w, https:\/\/skarja.de\/wp-content\/uploads\/2025\/12\/DSC_0121-1024x680.jpg 1024w, https:\/\/skarja.de\/wp-content\/uploads\/2025\/12\/DSC_0121-768x510.jpg 768w, https:\/\/skarja.de\/wp-content\/uploads\/2025\/12\/DSC_0121.jpg 1200w\" sizes=\"auto, (max-width: 571px) 100vw, 571px\" \/><\/p>\n<\/div>\n<\/div>\n<\/div>\n<\/div>\n<div id=\"content\">\n<div id=\"colmain\">\n<div class=\"item-page\">\n<p>Das Rapadalen ist das sagenumwobene Haupttal des Sarek- Nationalparkes.<br \/>\nEs wird durch den Rapa\u00e4tno, den mit 45 km l\u00e4ngsten Fluss des Sarek gepr\u00e4gt.<br \/>\nBereits am Skarja , wo der Rapa\u00e4tno durch den Zusammenfluss des Guohperjakka und des Smailajakka entsteht, erscheint der Fluss sehr m\u00e4chtig.<br \/>\nAm Zusammenfluss des Rapa\u00e4tno mit dem Sarvesjakka hat sich ein m\u00e4chtiges Delta gebildet die Dielmaskaide. Dahinter beginnt das Rapaselet, eine Sumpf- und Seenlandschaft.<br \/>\nHinter dem Rapaselet f\u00e4llt der Rapa\u00e4tno in Stromschnellen zum Rapadelta hin ab, einer der sch\u00f6nsten Wasserlandschaften Europas.<br \/>\nDas Tal des Rapa\u00e4tno war fr\u00fcher recht m\u00fchsam zu durchqueren, heute ist ein gut ausgetretener Pfad vorhanden, der auf den letzten Streckenabschnitten nach Aktse sogar teilweise mit Bohlenpfaden ausgestattet wurde.<br \/>\nSchwierig k\u00f6nnen insbesondere bei Hochwasser die Durchquerungen der vielen B\u00e4che sein, welche von den gewaltigen Bergmassiven seitlich des Rapatales herunterkommen.<\/p>\n<p><img loading=\"lazy\" decoding=\"async\" class=\" wp-image-669\" src=\"https:\/\/skarja.de\/wp-content\/uploads\/2026\/01\/P8310137-300x225.jpg\" alt=\"\" width=\"597\" height=\"448\" srcset=\"https:\/\/skarja.de\/wp-content\/uploads\/2026\/01\/P8310137-300x225.jpg 300w, https:\/\/skarja.de\/wp-content\/uploads\/2026\/01\/P8310137-1024x768.jpg 1024w, https:\/\/skarja.de\/wp-content\/uploads\/2026\/01\/P8310137-768x576.jpg 768w, https:\/\/skarja.de\/wp-content\/uploads\/2026\/01\/P8310137-1536x1152.jpg 1536w, https:\/\/skarja.de\/wp-content\/uploads\/2026\/01\/P8310137-2048x1536.jpg 2048w\" sizes=\"auto, (max-width: 597px) 100vw, 597px\" \/><\/p>\n<p>&nbsp;<\/p>\n<\/div>\n<\/div>\n<\/div>\n<div><\/div>\n<div class=\"breadcrumbs\"><strong>Das Rapaselet<\/strong><\/div>\n<div><\/div>\n<div id=\"content\">\n<div id=\"colmain\">\n<div id=\"content\">\n<div id=\"colmain\">\n<div class=\"item-page\">\n<p>Das Rapaselet geh\u00f6rt eigentlich zum Rapadalen.<\/p>\n<p>Es liegt unterhalb des M\u00fcndungsgebietes des Sarvesj\u00e1hk\u00e1. Hier bildet der Rapa\u00e4tno eine sumpfige Ebene mit starken M\u00e4andern, Seen und Inseln, welche sehr artenreich ist.<br \/>\nEs finden sich alle grossen Tiere, Elche, B\u00e4ren, Luchse, und besonders auch sehr viele Vogelarten ein. Bei meinem letzten Besuch wurde ich von mehreren Singschw\u00e4nen geweckt.<\/p>\n<p><img loading=\"lazy\" decoding=\"async\" class=\"wp-image-372 alignnone\" src=\"https:\/\/skarja.de\/wp-content\/uploads\/2025\/12\/P9200517-300x225.jpg\" alt=\"\" width=\"600\" height=\"450\" srcset=\"https:\/\/skarja.de\/wp-content\/uploads\/2025\/12\/P9200517-300x225.jpg 300w, https:\/\/skarja.de\/wp-content\/uploads\/2025\/12\/P9200517-1024x768.jpg 1024w, https:\/\/skarja.de\/wp-content\/uploads\/2025\/12\/P9200517-768x576.jpg 768w, https:\/\/skarja.de\/wp-content\/uploads\/2025\/12\/P9200517.jpg 1200w\" sizes=\"auto, (max-width: 600px) 100vw, 600px\" \/><\/p>\n<p><img loading=\"lazy\" decoding=\"async\" class=\"wp-image-373 alignnone\" src=\"https:\/\/skarja.de\/wp-content\/uploads\/2025\/12\/P9210539-300x225.jpg\" alt=\"\" width=\"600\" height=\"450\" srcset=\"https:\/\/skarja.de\/wp-content\/uploads\/2025\/12\/P9210539-300x225.jpg 300w, https:\/\/skarja.de\/wp-content\/uploads\/2025\/12\/P9210539-1024x768.jpg 1024w, https:\/\/skarja.de\/wp-content\/uploads\/2025\/12\/P9210539-768x576.jpg 768w, https:\/\/skarja.de\/wp-content\/uploads\/2025\/12\/P9210539.jpg 1200w\" sizes=\"auto, (max-width: 600px) 100vw, 600px\" \/><\/p>\n<div id=\"header\">\n<div id=\"headercontent\">\n<div id=\"breadcrumb\">\n<div><\/div>\n<div class=\"breadcrumbs\"><strong>Das Ruohtesvagge<\/strong><\/div>\n<\/div>\n<\/div>\n<div class=\"clear\"><\/div>\n<\/div>\n<div id=\"content\">\n<div id=\"colmain\">\n<div id=\"system-message-container\"><\/div>\n<div class=\"item-page\">\n<p>Eines der Hauptt\u00e4ler des Sarek- Nationalparkes. Es zieht sich vom Sierkavagge bis zum Skarja, gepr\u00e4gt durch hochalpine Landschaft mit Schroffen Bergen und m\u00e4chtigen Gletschern.<\/p>\n<p>Besonders eindrucksvoll ist der Mikka- Gletscher am Fuss des Sarek-Massives.<\/p>\n<p>Durch das Tal l\u00e4uft die Hauptroute des Sarek- die Strecke von \u00c4nonjalme nach Aktse. Dadurch ist der Weg auch sehr ausgetreten und kaum zu verfehlen.<\/p>\n<p><img loading=\"lazy\" decoding=\"async\" class=\"alignnone wp-image-464\" src=\"https:\/\/skarja.de\/wp-content\/uploads\/2026\/01\/IMG_0122-300x200.jpg\" alt=\"\" width=\"600\" height=\"400\" srcset=\"https:\/\/skarja.de\/wp-content\/uploads\/2026\/01\/IMG_0122-300x200.jpg 300w, https:\/\/skarja.de\/wp-content\/uploads\/2026\/01\/IMG_0122-768x512.jpg 768w, https:\/\/skarja.de\/wp-content\/uploads\/2026\/01\/IMG_0122.jpg 1000w\" sizes=\"auto, (max-width: 600px) 100vw, 600px\" \/><\/p>\n<\/div>\n<\/div>\n<\/div>\n<div id=\"header\">\n<div id=\"headercontent\">\n<div id=\"breadcrumb\">\n<div><\/div>\n<div class=\"breadcrumbs\"><strong>Das Sarvesvagge<\/strong><\/div>\n<\/div>\n<\/div>\n<div class=\"clear\"><\/div>\n<\/div>\n<div id=\"content\">\n<div id=\"colmain\">\n<div id=\"system-message-container\"><\/div>\n<div id=\"content\">\n<div id=\"colmain\">\n<div class=\"item-page\">\n<p>Sie wird auch das Herz des Sarek genannt.\u00a0 Die Skarja (Schere).<\/p>\n<p>Hier kommen die T\u00e4ler des Rapadalen, Ruohtesvagge , Guophervagge, Allgavagge (fast) auf einem Punkt zusammen.<\/p>\n<p><img loading=\"lazy\" decoding=\"async\" class=\"wp-image-377 alignnone\" src=\"https:\/\/skarja.de\/wp-content\/uploads\/2025\/12\/IMG_0154-300x200.jpg\" alt=\"\" width=\"600\" height=\"400\" srcset=\"https:\/\/skarja.de\/wp-content\/uploads\/2025\/12\/IMG_0154-300x200.jpg 300w, https:\/\/skarja.de\/wp-content\/uploads\/2025\/12\/IMG_0154-768x512.jpg 768w, https:\/\/skarja.de\/wp-content\/uploads\/2025\/12\/IMG_0154.jpg 1000w\" sizes=\"auto, (max-width: 600px) 100vw, 600px\" \/> \u00a0<img loading=\"lazy\" decoding=\"async\" class=\"wp-image-379 alignnone\" src=\"https:\/\/skarja.de\/wp-content\/uploads\/2025\/12\/IMG_0166-300x200.jpg\" alt=\"\" width=\"599\" height=\"400\" srcset=\"https:\/\/skarja.de\/wp-content\/uploads\/2025\/12\/IMG_0166-300x200.jpg 300w, https:\/\/skarja.de\/wp-content\/uploads\/2025\/12\/IMG_0166-768x512.jpg 768w, https:\/\/skarja.de\/wp-content\/uploads\/2025\/12\/IMG_0166.jpg 1000w\" sizes=\"auto, (max-width: 599px) 100vw, 599px\" \/><\/p>\n<p>Bemerkenswert ist das Smaila-Tr\u00e4ffen- hier finden sich dadurch dass fast alle Wege durch das Skarja f\u00fchren viele Wanderer ein und zelten vor den Mikka-H\u00fctten. Wenn es einem also zu einsam wird findet er hier bestimmt Gesellschaft.<img loading=\"lazy\" decoding=\"async\" class=\"wp-image-378 alignnone\" src=\"https:\/\/skarja.de\/wp-content\/uploads\/2025\/12\/IMG_0160-300x200.jpg\" alt=\"\" width=\"599\" height=\"400\" srcset=\"https:\/\/skarja.de\/wp-content\/uploads\/2025\/12\/IMG_0160-300x200.jpg 300w, https:\/\/skarja.de\/wp-content\/uploads\/2025\/12\/IMG_0160-768x512.jpg 768w, https:\/\/skarja.de\/wp-content\/uploads\/2025\/12\/IMG_0160.jpg 1000w\" sizes=\"auto, (max-width: 599px) 100vw, 599px\" \/><\/p>\n<p>Die Br\u00fccke in der N\u00e4he der Mikkastugan wird jeden Herbst ab und im Fr\u00fchjahr wieder aufgebaut. Vorsicht also bei der Wahl der Wanderzeit.<\/p>\n<\/div>\n<\/div>\n<\/div>\n<\/div>\n<\/div>\n<\/div>\n<\/div>\n<\/div>\n<div class=\"clear\">\n<div id=\"header\">\n<div id=\"headercontent\">\n<div id=\"breadcrumb\">\n<div><\/div>\n<div class=\"breadcrumbs\"><strong>Gouhpervagge<\/strong><\/div>\n<\/div>\n<\/div>\n<div class=\"clear\"><\/div>\n<\/div>\n<div id=\"content\">\n<div id=\"colmain\">\n<div class=\"item-page\">\n<p><img loading=\"lazy\" decoding=\"async\" class=\"wp-image-382 alignnone\" src=\"https:\/\/skarja.de\/wp-content\/uploads\/2025\/12\/MG_0126-300x200.jpg\" alt=\"\" width=\"599\" height=\"400\" srcset=\"https:\/\/skarja.de\/wp-content\/uploads\/2025\/12\/MG_0126-300x200.jpg 300w, https:\/\/skarja.de\/wp-content\/uploads\/2025\/12\/MG_0126-768x512.jpg 768w, https:\/\/skarja.de\/wp-content\/uploads\/2025\/12\/MG_0126.jpg 960w\" sizes=\"auto, (max-width: 599px) 100vw, 599px\" \/><\/p>\n<p>Dieses sch\u00f6ne Tal beginnt an der Nordwestgrenze des Padjelanta- Nationalparkes<br \/>\nBeeindruckend sind die wundersch\u00f6nen M\u00e4ander des Flusses am Ausgang zum Padjelanta.<br \/>\nBesonders markant ist die Nase des Guohper- Gipfels der mit seiner steilen Wand in das Tal hineinragt. An seiner Wasserscheide befinden sich 6 Gletscher.<br \/>\nDas Tal liegt auf einer L\u00e4nge von 20 Km komplett in der alpinen Flechtenzone.<\/p>\n<p><img loading=\"lazy\" decoding=\"async\" class=\"wp-image-383 alignnone\" src=\"https:\/\/skarja.de\/wp-content\/uploads\/2025\/12\/MG_0120-300x200.jpg\" alt=\"\" width=\"599\" height=\"400\" srcset=\"https:\/\/skarja.de\/wp-content\/uploads\/2025\/12\/MG_0120-300x200.jpg 300w, https:\/\/skarja.de\/wp-content\/uploads\/2025\/12\/MG_0120-768x512.jpg 768w, https:\/\/skarja.de\/wp-content\/uploads\/2025\/12\/MG_0120.jpg 960w\" sizes=\"auto, (max-width: 599px) 100vw, 599px\" \/><\/p>\n<\/div>\n<div id=\"header\">\n<div id=\"headercontent\">\n<div id=\"breadcrumb\">\n<div><\/div>\n<div class=\"breadcrumbs\"><strong>Das Alggavagge<\/strong><\/div>\n<\/div>\n<\/div>\n<div class=\"clear\"><\/div>\n<\/div>\n<div id=\"content\">\n<div id=\"colmain\">\n<div id=\"system-message-container\"><\/div>\n<div class=\"item-page\">\n<p>Das Alggavagge verl\u00e4uft vom Skarja bis zur Grenze des Padjelanta.<\/p>\n<p>Am Ausgang zum Padjelanta pr\u00e4gt es der Alggajavvre, ein wundersch\u00f6ner klarer Bergsee.<br \/>\nDas Tal besticht durch seine hohe Lage mit wunderbaren Aussichten in das Herz des Sarek- Nationalparkes.<br \/>\nDurch seine Lage ist es zum Skarja hin sehr karg, zum Alggajavvre jedoch durch weidendickicht gepr\u00e4gt. Was viele Wanderer schon fluchend bemerkt haben&#8230;<br \/>\nAm Alggajavvre befindet sich die alte Kapelle die zu einer Silbergrube geh\u00f6rte.<\/p>\n<p>&nbsp;<\/p>\n<p><img loading=\"lazy\" decoding=\"async\" class=\"wp-image-380 alignnone\" src=\"https:\/\/skarja.de\/wp-content\/uploads\/2025\/12\/P1030385-300x200.jpg\" alt=\"\" width=\"602\" height=\"402\" srcset=\"https:\/\/skarja.de\/wp-content\/uploads\/2025\/12\/P1030385-300x200.jpg 300w, https:\/\/skarja.de\/wp-content\/uploads\/2025\/12\/P1030385-1024x684.jpg 1024w, https:\/\/skarja.de\/wp-content\/uploads\/2025\/12\/P1030385-768x513.jpg 768w, https:\/\/skarja.de\/wp-content\/uploads\/2025\/12\/P1030385.jpg 1199w\" sizes=\"auto, (max-width: 602px) 100vw, 602px\" \/><\/p>\n<\/div>\n<\/div>\n<div id=\"header\">\n<div id=\"headercontent\">\n<div id=\"breadcrumb\">\n<div><\/div>\n<div class=\"breadcrumbs\"><strong>Das Guhkesvagge<\/strong><\/div>\n<\/div>\n<\/div>\n<div class=\"clear\"><\/div>\n<\/div>\n<div id=\"content\">\n<div id=\"colmain\">\n<div id=\"system-message-container\"><\/div>\n<div class=\"item-page\">\n<p>Dieses Tal ist das breiteste der Sarek- T\u00e4ler.<\/p>\n<p>Es l\u00e4uft hinter dem Sarekmassiv parallel zum Ruohtesvagge. Dadurch ist es sehr wenig begangen, man kann fast sicher sein niemanden auf seiner Tour zu treffen.<\/p>\n<p><img loading=\"lazy\" decoding=\"async\" class=\"alignnone wp-image-467\" src=\"https:\/\/skarja.de\/wp-content\/uploads\/2026\/01\/IMG_0082-1-300x200.jpg\" alt=\"\" width=\"599\" height=\"399\" srcset=\"https:\/\/skarja.de\/wp-content\/uploads\/2026\/01\/IMG_0082-1-300x200.jpg 300w, https:\/\/skarja.de\/wp-content\/uploads\/2026\/01\/IMG_0082-1-768x512.jpg 768w, https:\/\/skarja.de\/wp-content\/uploads\/2026\/01\/IMG_0082-1.jpg 1000w\" sizes=\"auto, (max-width: 599px) 100vw, 599px\" \/><\/p>\n<p>Eindrucksvoll ist die Hochebene G\u00e1ssal\u00e1hko welche sich bis zum Fuss des \u00c1hkk\u00e1 zieht. Es scheint auch eines der Lieblingst\u00e4ler der Rentiere zu sein, ich war sozusagen immer in Begleitung&#8230;und es ist wohl auch der Ort an dem die Rentiere im Fr\u00fchjahr kalben.<\/p>\n<p>Das Tal ist bis auf 2 kr\u00e4ftigere B\u00e4che einfach zu durchwandern.<\/p>\n<p><img loading=\"lazy\" decoding=\"async\" class=\"alignnone wp-image-466\" src=\"https:\/\/skarja.de\/wp-content\/uploads\/2026\/01\/IMG_0077-300x200.jpg\" alt=\"\" width=\"599\" height=\"399\" srcset=\"https:\/\/skarja.de\/wp-content\/uploads\/2026\/01\/IMG_0077-300x200.jpg 300w, https:\/\/skarja.de\/wp-content\/uploads\/2026\/01\/IMG_0077-768x512.jpg 768w, https:\/\/skarja.de\/wp-content\/uploads\/2026\/01\/IMG_0077.jpg 1000w\" sizes=\"auto, (max-width: 599px) 100vw, 599px\" \/><\/p>\n<div id=\"header\">\n<div id=\"headercontent\">\n<div id=\"breadcrumb\">\n<div class=\"breadcrumbs\"><strong>Das Njatsosvagge<\/strong><\/div>\n<\/div>\n<\/div>\n<div class=\"clear\"><\/div>\n<\/div>\n<div id=\"content\">\n<div id=\"colmain\">\n<div id=\"system-message-container\"><\/div>\n<div class=\"item-page\">\n<p>Das Njatsosvagge ist definitiv eines meiner Lieblingst\u00e4ler.<br \/>\nEs verl\u00e4uft vom S\u00fcden in die Berge des Sarek hinein. Es ist neben dem Rapadalen das artenreichste Tal des Sarek. Es beinhaltet alle Vegetationszonen vom Nadelwald \u00fcber polare Birkenw\u00e4lder bis zur sog. Flechtenzone. Auch finden sich hier alle grossen Tiere, besonders auch Raubtiere des Sarek-Gebietes. Der Weg in das Tal f\u00fchrt \u00fcber die Parek- Hochebene \u00fcber den S\u00e4hkokj- Pass. Einen Pfad durch den Urwald zu finden d\u00fcrfte etwas schwieriger sein.<\/p>\n<p><img loading=\"lazy\" decoding=\"async\" class=\"wp-image-385 alignnone\" src=\"https:\/\/skarja.de\/wp-content\/uploads\/2025\/12\/na3-300x192.jpg\" alt=\"\" width=\"599\" height=\"383\" srcset=\"https:\/\/skarja.de\/wp-content\/uploads\/2025\/12\/na3-300x192.jpg 300w, https:\/\/skarja.de\/wp-content\/uploads\/2025\/12\/na3.jpg 600w\" sizes=\"auto, (max-width: 599px) 100vw, 599px\" \/><\/p>\n<p><img loading=\"lazy\" decoding=\"async\" class=\"wp-image-386 alignnone\" src=\"https:\/\/skarja.de\/wp-content\/uploads\/2025\/12\/na9-300x192.jpg\" alt=\"\" width=\"600\" height=\"384\" srcset=\"https:\/\/skarja.de\/wp-content\/uploads\/2025\/12\/na9-300x192.jpg 300w, https:\/\/skarja.de\/wp-content\/uploads\/2025\/12\/na9.jpg 600w\" sizes=\"auto, (max-width: 600px) 100vw, 600px\" \/><\/p>\n<\/div>\n<\/div>\n<div id=\"header\">\n<div id=\"headercontent\">\n<div id=\"breadcrumb\">\n<div class=\"breadcrumbs\"><strong>Das Ivvarlahko<\/strong><\/div>\n<\/div>\n<\/div>\n<div class=\"clear\"><\/div>\n<\/div>\n<div id=\"content\">\n<div id=\"colmain\">\n<div id=\"system-message-container\"><\/div>\n<div class=\"item-page\">\n<p>Ivvarlahko ist der Name einer der sch\u00f6nsten Hochebenen des Sarek.<br \/>\nSie wird gepr\u00e4gt durch die Berge des Parek und Partemassives.<br \/>\n\u00dcber das Ivvarlahko f\u00fchren die Wege in das abgeschiedene Sarvesvagge.<\/p>\n<p>&nbsp;<\/p>\n<\/div>\n<\/div>\n<\/div>\n<\/div>\n<\/div>\n<\/div>\n<\/div>\n<\/div>\n<\/div>\n<\/div>\n<\/div>\n<\/div>\n<\/div>\n","protected":false},"excerpt":{"rendered":"<p>Sarek Nationalpark &nbsp; Der Sarek ist ein ausgepr\u00e4gtes Hochgebirgsgebiet mit steilen, von Gletschern bedeckten Fj\u00e4llmassiven und Hochebenen. Hochgebirge\u2026 Der Sarek ist das gr\u00f6\u00dfte Hochgebirgsgebiet Schwedens. Im Nationalpark gibt es ca. 200 Gipfel \u00fcber 1.800 m \u00fc.d.M., 6 liegen \u00fcber 2.000 m \u00fc.d.M. Der alpine Charakter des Parks wird durch die vielen Gletscher weiter verst\u00e4rkt . &hellip; <\/p>\n<p class=\"link-more\"><a href=\"https:\/\/skarja.de\/index.php\/sarek-nationalpark\/\" class=\"more-link\"><span class=\"screen-reader-text\">\u201eSarek Nationalpark\u201c <\/span>weiterlesen<\/a><\/p>\n","protected":false},"author":1,"featured_media":0,"parent":0,"menu_order":0,"comment_status":"closed","ping_status":"closed","template":"","meta":{"footnotes":""},"class_list":["post-368","page","type-page","status-publish","hentry"],"_links":{"self":[{"href":"https:\/\/skarja.de\/index.php\/wp-json\/wp\/v2\/pages\/368","targetHints":{"allow":["GET"]}}],"collection":[{"href":"https:\/\/skarja.de\/index.php\/wp-json\/wp\/v2\/pages"}],"about":[{"href":"https:\/\/skarja.de\/index.php\/wp-json\/wp\/v2\/types\/page"}],"author":[{"embeddable":true,"href":"https:\/\/skarja.de\/index.php\/wp-json\/wp\/v2\/users\/1"}],"replies":[{"embeddable":true,"href":"https:\/\/skarja.de\/index.php\/wp-json\/wp\/v2\/comments?post=368"}],"version-history":[{"count":25,"href":"https:\/\/skarja.de\/index.php\/wp-json\/wp\/v2\/pages\/368\/revisions"}],"predecessor-version":[{"id":841,"href":"https:\/\/skarja.de\/index.php\/wp-json\/wp\/v2\/pages\/368\/revisions\/841"}],"wp:attachment":[{"href":"https:\/\/skarja.de\/index.php\/wp-json\/wp\/v2\/media?parent=368"}],"curies":[{"name":"wp","href":"https:\/\/api.w.org\/{rel}","templated":true}]}}