{"id":396,"date":"2025-12-29T17:30:03","date_gmt":"2025-12-29T17:30:03","guid":{"rendered":"https:\/\/skarja.de\/?page_id=396"},"modified":"2026-01-07T09:21:03","modified_gmt":"2026-01-07T09:21:03","slug":"paddeln","status":"publish","type":"page","link":"https:\/\/skarja.de\/index.php\/paddeln\/","title":{"rendered":"Paddeln"},"content":{"rendered":"<div class=\"item-page\">\n<p>Was meine ich mit Paddeln?<\/p>\n<p><img loading=\"lazy\" decoding=\"async\" class=\"alignnone  wp-image-728\" src=\"https:\/\/skarja.de\/wp-content\/uploads\/2026\/01\/RIMG0078-300x225.jpg\" alt=\"\" width=\"599\" height=\"449\" srcset=\"https:\/\/skarja.de\/wp-content\/uploads\/2026\/01\/RIMG0078-300x225.jpg 300w, https:\/\/skarja.de\/wp-content\/uploads\/2026\/01\/RIMG0078-768x576.jpg 768w, https:\/\/skarja.de\/wp-content\/uploads\/2026\/01\/RIMG0078.jpg 900w\" sizes=\"auto, (max-width: 599px) 100vw, 599px\" \/><\/p>\n<p>F\u00fcr mich ist es eine Fortbewegungsform wie Skifahren, Wandern oder Radfahren. Ein Faltboot vollgepackt mit Campingausr\u00fcstung, Lebensmitteln und einer Flasche Wein, und los geht es.<\/p>\n<p>Es ist also weniger &#8222;Paddelsport&#8220; oder Wettbewerb, es ist reines Vergn\u00fcgen.<\/p>\n<p><img loading=\"lazy\" decoding=\"async\" class=\"alignnone  wp-image-736\" src=\"https:\/\/skarja.de\/wp-content\/uploads\/2026\/01\/P1000225-300x200.jpg\" alt=\"\" width=\"599\" height=\"399\" srcset=\"https:\/\/skarja.de\/wp-content\/uploads\/2026\/01\/P1000225-300x200.jpg 300w, https:\/\/skarja.de\/wp-content\/uploads\/2026\/01\/P1000225-768x513.jpg 768w, https:\/\/skarja.de\/wp-content\/uploads\/2026\/01\/P1000225.jpg 900w\" sizes=\"auto, (max-width: 599px) 100vw, 599px\" \/><\/p>\n<p>Die Definition in Wikipedia:<\/p>\n<p>Paddeln bezeichnet die Fortbewegung einesPaddelboots durch einen Paddler mittels Paddel (Doppelpaddel oder Stechpaddel) und kommt vom frei in der Hand bewegten Paddel. Die einzelnen Paddelschl\u00e4ge werden dabei genutzt, um das Boot voranzutreiben, abzubremsen, zu steuern oder dem Boot zus\u00e4tzliche Stabilit\u00e4t im labilen Gleichgewicht auf dem Wasser zu geben.Das Paddeln unterscheidet sich in mehreren Punkten vom Rudern. Man benutzt nur ein Paddel, das frei beweglich ist, und man bewegt sich in Blickrichtung vorw\u00e4rts. Durch die fehlende Hebelwirkung ist ein Paddelboot im allgemeinen bedeutend langsamer als ein Ruderboot, jedoch unterliegt man aufgrund der kleineren Spannweite und der h\u00f6heren Wendigkeit geringeren Einschr\u00e4nkungen bei der Auswahl der Gew\u00e4sser. Neben der Beherrschung der einzelnen Schl\u00e4ge ist die Planung wichtig. Die zu paddelnde Strecke muss ebenso ber\u00fccksichtigt werden wie das Wetter und der Wasserstand.<\/p>\n<p><img loading=\"lazy\" decoding=\"async\" class=\"alignnone  wp-image-735\" src=\"https:\/\/skarja.de\/wp-content\/uploads\/2026\/01\/P1000066-300x200.jpg\" alt=\"\" width=\"599\" height=\"399\" srcset=\"https:\/\/skarja.de\/wp-content\/uploads\/2026\/01\/P1000066-300x200.jpg 300w, https:\/\/skarja.de\/wp-content\/uploads\/2026\/01\/P1000066-768x513.jpg 768w, https:\/\/skarja.de\/wp-content\/uploads\/2026\/01\/P1000066.jpg 900w\" sizes=\"auto, (max-width: 599px) 100vw, 599px\" \/><\/p>\n<\/div>\n","protected":false},"excerpt":{"rendered":"<p>Was meine ich mit Paddeln? F\u00fcr mich ist es eine Fortbewegungsform wie Skifahren, Wandern oder Radfahren. Ein Faltboot vollgepackt mit Campingausr\u00fcstung, Lebensmitteln und einer Flasche Wein, und los geht es. Es ist also weniger &#8222;Paddelsport&#8220; oder Wettbewerb, es ist reines Vergn\u00fcgen. Die Definition in Wikipedia: Paddeln bezeichnet die Fortbewegung einesPaddelboots durch einen Paddler mittels Paddel &hellip; <\/p>\n<p class=\"link-more\"><a href=\"https:\/\/skarja.de\/index.php\/paddeln\/\" class=\"more-link\"><span class=\"screen-reader-text\">\u201ePaddeln\u201c <\/span>weiterlesen<\/a><\/p>\n","protected":false},"author":1,"featured_media":47,"parent":0,"menu_order":0,"comment_status":"closed","ping_status":"closed","template":"","meta":{"footnotes":""},"class_list":["post-396","page","type-page","status-publish","has-post-thumbnail","hentry"],"_links":{"self":[{"href":"https:\/\/skarja.de\/index.php\/wp-json\/wp\/v2\/pages\/396","targetHints":{"allow":["GET"]}}],"collection":[{"href":"https:\/\/skarja.de\/index.php\/wp-json\/wp\/v2\/pages"}],"about":[{"href":"https:\/\/skarja.de\/index.php\/wp-json\/wp\/v2\/types\/page"}],"author":[{"embeddable":true,"href":"https:\/\/skarja.de\/index.php\/wp-json\/wp\/v2\/users\/1"}],"replies":[{"embeddable":true,"href":"https:\/\/skarja.de\/index.php\/wp-json\/wp\/v2\/comments?post=396"}],"version-history":[{"count":3,"href":"https:\/\/skarja.de\/index.php\/wp-json\/wp\/v2\/pages\/396\/revisions"}],"predecessor-version":[{"id":737,"href":"https:\/\/skarja.de\/index.php\/wp-json\/wp\/v2\/pages\/396\/revisions\/737"}],"wp:featuredmedia":[{"embeddable":true,"href":"https:\/\/skarja.de\/index.php\/wp-json\/wp\/v2\/media\/47"}],"wp:attachment":[{"href":"https:\/\/skarja.de\/index.php\/wp-json\/wp\/v2\/media?parent=396"}],"curies":[{"name":"wp","href":"https:\/\/api.w.org\/{rel}","templated":true}]}}