{"id":437,"date":"2026-01-01T12:09:27","date_gmt":"2026-01-01T12:09:27","guid":{"rendered":"https:\/\/skarja.de\/?page_id=437"},"modified":"2026-04-01T09:00:12","modified_gmt":"2026-04-01T09:00:12","slug":"padjelanta","status":"publish","type":"page","link":"https:\/\/skarja.de\/index.php\/padjelanta\/","title":{"rendered":"Padjelanta"},"content":{"rendered":"<h1><strong><br \/>\nPadjelanta Nationalpark<\/strong><\/h1>\n<p>&nbsp;<\/p>\n<figure id=\"attachment_438\" aria-describedby=\"caption-attachment-438\" style=\"width: 599px\" class=\"wp-caption alignnone\"><img loading=\"lazy\" decoding=\"async\" class=\" wp-image-438\" src=\"https:\/\/skarja.de\/wp-content\/uploads\/2026\/01\/CRW_0037_RJ-300x200.jpg\" alt=\"\" width=\"599\" height=\"399\" srcset=\"https:\/\/skarja.de\/wp-content\/uploads\/2026\/01\/CRW_0037_RJ-300x200.jpg 300w, https:\/\/skarja.de\/wp-content\/uploads\/2026\/01\/CRW_0037_RJ-768x512.jpg 768w, https:\/\/skarja.de\/wp-content\/uploads\/2026\/01\/CRW_0037_RJ.jpg 1000w\" sizes=\"auto, (max-width: 599px) 100vw, 599px\" \/><figcaption id=\"caption-attachment-438\" class=\"wp-caption-text\">Blick zum Berg Akka<\/figcaption><\/figure>\n<p>Der Padjelanta zeichnet sich durch sanft gerundete Bergr\u00fccken, wellige Hochebenen und riesige Wasserfl\u00e4chen aus, die von hohen Bergmassiven umrahmt werden.<br \/>\nDer Park ist ein offenes, sich weit ausdehnendes flaches Fj\u00e4llgebiet mit einer Auswahl der gr\u00f6\u00dften Seen der Fj\u00e4llwelt. Die welligen Hochebenen werden durch einige bedeutende Berggipfel unterbrochen. wovon der Jiegnaffo mit 1.836 m \u00fc.d.M. der h\u00f6chste ist. Im S\u00fcdwesten liegt einer der gr\u00f6\u00dften Gletscher des Landes, der \u00c4lm\u00e4jjiegna. Weitere interessante Gel\u00e4nde\u00b7formationen stellen ein eiszeitliches Delta im Nordwesten, die Kisuris\u00b7Terrassen, sowie die hohe Anzahl an sog. Tundrapolygonen (vieleckige, ringf\u00f6rmige Frostaufbr\u00fcche) s\u00fcdwestlich Staloluoktas dar, die als gr\u00f6\u00dftes Vorkommen der gesamten Fj\u00e4llwelt gelten .<\/p>\n<p><img loading=\"lazy\" decoding=\"async\" class=\"alignnone  wp-image-46\" src=\"https:\/\/skarja.de\/wp-content\/uploads\/2025\/11\/CRW_0230_RJ-300x200.jpg\" alt=\"\" width=\"600\" height=\"400\" srcset=\"https:\/\/skarja.de\/wp-content\/uploads\/2025\/11\/CRW_0230_RJ-300x200.jpg 300w, https:\/\/skarja.de\/wp-content\/uploads\/2025\/11\/CRW_0230_RJ-1024x683.jpg 1024w, https:\/\/skarja.de\/wp-content\/uploads\/2025\/11\/CRW_0230_RJ-768x512.jpg 768w, https:\/\/skarja.de\/wp-content\/uploads\/2025\/11\/CRW_0230_RJ-1536x1024.jpg 1536w, https:\/\/skarja.de\/wp-content\/uploads\/2025\/11\/CRW_0230_RJ.jpg 1800w\" sizes=\"auto, (max-width: 600px) 100vw, 600px\" \/><\/p>\n<p>&nbsp;<\/p>\n<p>Kalkreicher Untergrund und niederschlagsreiches Klima erm\u00f6glichen eine sehr artenreiche Flora &#8211; ca. 410 verschiedene Gef\u00e4\u00dfpflanzen wurden gez\u00e4hlt. Die Gebiete s\u00fcdwestlich des Virihavrre und n\u00f6rdlich des Vastenjavrre sind botanisch am interessantesten .<br \/>\nIn Sumpfgebieten mit Weidengestr\u00fcpp und kleineren Seen leben viele See\u00b7 und Watv\u00f6gel wie Bergente, Krickente und Odinsh\u00fchnchen. F\u00fcr die Fj\u00e4llheiden sind Wiesenpieper, Goldregenpfeifer und Steinschm\u00e4tzer charakteristisch. In sog. Lemmingjahren br\u00fcten hier Schnee-Eule, Rauhfussbussard und Kleine Raubm\u00f6we in gro\u00dfer Zahl. Steinadler und Gerfalke jagen im Park. Unter den S\u00e4ugetieren sind es Polarfuchs und Vielfra\u00df, die sich hier regelm\u00e4\u00dfig aufhalten.<\/p>\n<p><img loading=\"lazy\" decoding=\"async\" class=\"alignnone  wp-image-843\" src=\"https:\/\/skarja.de\/wp-content\/uploads\/2026\/04\/CRW_0025_RJ-300x200.jpg\" alt=\"\" width=\"600\" height=\"400\" srcset=\"https:\/\/skarja.de\/wp-content\/uploads\/2026\/04\/CRW_0025_RJ-300x200.jpg 300w, https:\/\/skarja.de\/wp-content\/uploads\/2026\/04\/CRW_0025_RJ-1024x683.jpg 1024w, https:\/\/skarja.de\/wp-content\/uploads\/2026\/04\/CRW_0025_RJ-768x512.jpg 768w, https:\/\/skarja.de\/wp-content\/uploads\/2026\/04\/CRW_0025_RJ.jpg 1200w\" sizes=\"auto, (max-width: 600px) 100vw, 600px\" \/><\/p>\n<p>&nbsp;<\/p>\n<p>Seit Menschengedenken halten sich die Samen in Padjelanta auf. Auf dem Gebiet des Parks liegen die Rentierweidefl\u00e4chen und Sommeraufenthaltsorte dreier Samend\u00f6rfer. Das Gebiet gilt als eine der besten Rentierweidefl\u00e4chen der Fj\u00e4lllandschaft.<br \/>\nFakten:<br \/>\nEinrichtung des Nationalparks: 1962. Seit 1996 Teil des Welterbes Laponia.<br \/>\nGesamtfl\u00e4che. 198.400 ha, davon 1.400 ha montaner<br \/>\nBirkenwald, 1.400 ha Gletscherfl\u00e4che, 1.000 ha Moor, 32.300 ha Wasserfl\u00e4che; Rest: Kahlgebirge.<br \/>\nZielsetzung der Einrichtung des<br \/>\nNationalparks ist die Erhaltung einer an Seen und ausgedehnten Heidegebieten reichen Gebirgslandschaft in ihrer nat\u00fcrlichen eschaffenheit. Einrichtungen f\u00fcr Erholungssuchende.\u00a0 Im Sommer bewirtschaftete \u00dcbernachtungsh\u00fctten gibt es bei Duottar, Staloluokta, Staddaj\u00e4kka, Arasluokta, L\u00e4ddej\u00e4kk\u00e4 und Kisuris. In Staloluokta kann man Proviant kaufen, tanken und Post aufgeben. Von hier bestehen auch Flugverbindungen mit Vi etas und Kvikkjokk.\u00a0 Grundbesitzer: Staatliches Amt f\u00fcr Umweltschutz (Naturv\u00e4rdsverket).<br \/>\nNaturschutzverwaltung: L\u00e4nsstyrelsen Norrbotten.<\/p>\n<p><img loading=\"lazy\" decoding=\"async\" class=\"alignnone  wp-image-847\" src=\"https:\/\/skarja.de\/wp-content\/uploads\/2026\/04\/CRW_0044-300x200.jpg\" alt=\"\" width=\"600\" height=\"400\" srcset=\"https:\/\/skarja.de\/wp-content\/uploads\/2026\/04\/CRW_0044-300x200.jpg 300w, https:\/\/skarja.de\/wp-content\/uploads\/2026\/04\/CRW_0044-1024x683.jpg 1024w, https:\/\/skarja.de\/wp-content\/uploads\/2026\/04\/CRW_0044-768x512.jpg 768w, https:\/\/skarja.de\/wp-content\/uploads\/2026\/04\/CRW_0044.jpg 1200w\" sizes=\"auto, (max-width: 600px) 100vw, 600px\" \/><\/p>\n","protected":false},"excerpt":{"rendered":"<p>Padjelanta Nationalpark &nbsp; Der Padjelanta zeichnet sich durch sanft gerundete Bergr\u00fccken, wellige Hochebenen und riesige Wasserfl\u00e4chen aus, die von hohen Bergmassiven umrahmt werden. Der Park ist ein offenes, sich weit ausdehnendes flaches Fj\u00e4llgebiet mit einer Auswahl der gr\u00f6\u00dften Seen der Fj\u00e4llwelt. Die welligen Hochebenen werden durch einige bedeutende Berggipfel unterbrochen. wovon der Jiegnaffo mit 1.836 &hellip; <\/p>\n<p class=\"link-more\"><a href=\"https:\/\/skarja.de\/index.php\/padjelanta\/\" class=\"more-link\"><span class=\"screen-reader-text\">\u201ePadjelanta\u201c <\/span>weiterlesen<\/a><\/p>\n","protected":false},"author":1,"featured_media":0,"parent":0,"menu_order":0,"comment_status":"closed","ping_status":"closed","template":"","meta":{"footnotes":""},"class_list":["post-437","page","type-page","status-publish","hentry"],"_links":{"self":[{"href":"https:\/\/skarja.de\/index.php\/wp-json\/wp\/v2\/pages\/437","targetHints":{"allow":["GET"]}}],"collection":[{"href":"https:\/\/skarja.de\/index.php\/wp-json\/wp\/v2\/pages"}],"about":[{"href":"https:\/\/skarja.de\/index.php\/wp-json\/wp\/v2\/types\/page"}],"author":[{"embeddable":true,"href":"https:\/\/skarja.de\/index.php\/wp-json\/wp\/v2\/users\/1"}],"replies":[{"embeddable":true,"href":"https:\/\/skarja.de\/index.php\/wp-json\/wp\/v2\/comments?post=437"}],"version-history":[{"count":4,"href":"https:\/\/skarja.de\/index.php\/wp-json\/wp\/v2\/pages\/437\/revisions"}],"predecessor-version":[{"id":849,"href":"https:\/\/skarja.de\/index.php\/wp-json\/wp\/v2\/pages\/437\/revisions\/849"}],"wp:attachment":[{"href":"https:\/\/skarja.de\/index.php\/wp-json\/wp\/v2\/media?parent=437"}],"curies":[{"name":"wp","href":"https:\/\/api.w.org\/{rel}","templated":true}]}}