{"id":445,"date":"2026-01-01T12:16:20","date_gmt":"2026-01-01T12:16:20","guid":{"rendered":"https:\/\/skarja.de\/?page_id=445"},"modified":"2026-04-01T09:02:30","modified_gmt":"2026-04-01T09:02:30","slug":"schaeren","status":"publish","type":"page","link":"https:\/\/skarja.de\/index.php\/schaeren\/","title":{"rendered":"Schaeren"},"content":{"rendered":"<h1>Sch\u00e4renk\u00fcste<\/h1>\n<p><img loading=\"lazy\" decoding=\"async\" class=\"alignnone wp-image-451\" src=\"https:\/\/skarja.de\/wp-content\/uploads\/2026\/01\/P1010059-300x200.jpg\" alt=\"\" width=\"575\" height=\"383\" srcset=\"https:\/\/skarja.de\/wp-content\/uploads\/2026\/01\/P1010059-300x200.jpg 300w, https:\/\/skarja.de\/wp-content\/uploads\/2026\/01\/P1010059-1024x684.jpg 1024w, https:\/\/skarja.de\/wp-content\/uploads\/2026\/01\/P1010059-768x513.jpg 768w, https:\/\/skarja.de\/wp-content\/uploads\/2026\/01\/P1010059.jpg 1100w\" sizes=\"auto, (max-width: 575px) 100vw, 575px\" \/><\/p>\n<div data-subtree=\"aimfl,mfl\" data-processed=\"true\">\n<p>An der schwedischen K\u00fcste gibt es zehntausende von Sch\u00e4ren; der ber\u00fchmte Stockholmer Sch\u00e4rengarten allein umfasst rund 30.000 Inseln, Felsen und Sch\u00e4ren, die sich f\u00e4cherf\u00f6rmig in die Ostsee erstrecken, aber auch Gebiete wie Bohusl\u00e4n an der Westk\u00fcste haben \u00fcber 8.000 Inseln, die eine beeindruckende Sch\u00e4renlandschaft bilden.<span class=\"uJ19be notranslate\" data-wiz-uids=\"CTdFxd_d,CTdFxd_e,CTdFxd_f\" data-processed=\"true\"><span class=\"vKEkVd\" data-animation-atomic=\"\" data-wiz-attrbind=\"class=CTdFxd_d\/TKHnVd;\" data-processed=\"true\">\u00a0<\/span><\/span><\/p>\n<\/div>\n<div class=\"item-page\">\n<p>Eine <strong>Sch\u00e4re<\/strong> (schwedisch <em>Sk\u00e4r<\/em>) ist eine kleine Insel, die in den Eiszeiten entstand, als das von Skandinavien und Nordamerika ausgehende Inlandeis die darunterliegenden Gesteinsmassen \u00fcberstr\u00f6mte und abschliff. So bildete sich ihre flache, abgerundete Form. Sie k\u00f6nnen wenige Quadratmeter bis einige Quadratkilometer gro\u00df sein. Sch\u00e4ren kommen vor allem in Skandinavien und Kanada vor, h\u00e4ufig in Gruppen als sogenannter Sch\u00e4rengarten. Der deutsche Begriff Sch\u00e4rengarten, etwa f\u00fcr die K\u00fcste vor Stockholm, beruht auf einer \u00dcbersetzung des Wortes schwed. <em>sk\u00e4rg\u00e5rd<\/em> bzw. d\u00e4n. <em>sk\u00e6rg\u00e5rd<\/em>. <em>G\u00e5rd<\/em> bedeutet im Schwedischen auch \u201eGarten\u201c: <em>tr\u00e4dg\u00e5rd<\/em> \u2013 der Blumen- und Pflanzgarten, eigentlich: Baumgarten.<\/p>\n<p><img loading=\"lazy\" decoding=\"async\" class=\"alignnone wp-image-713\" src=\"https:\/\/skarja.de\/wp-content\/uploads\/2026\/01\/IMGP0071-300x225.jpg\" alt=\"\" width=\"599\" height=\"449\" srcset=\"https:\/\/skarja.de\/wp-content\/uploads\/2026\/01\/IMGP0071-300x225.jpg 300w, https:\/\/skarja.de\/wp-content\/uploads\/2026\/01\/IMGP0071-768x576.jpg 768w, https:\/\/skarja.de\/wp-content\/uploads\/2026\/01\/IMGP0071.jpg 933w\" sizes=\"auto, (max-width: 599px) 100vw, 599px\" \/><\/p>\n<p>Der selten gebrauchte Ausdruck Sch\u00e4renhof beruht auf einer falschen w\u00f6rtlichen \u00dcbersetzung des schwedischen Wortes sk\u00e4rg\u00e5rd.Die in g\u00e4ngigen deutsch-schwedischen W\u00f6rterb\u00fcchern zu findende \u00dcbersetzung von schwedisch sk\u00e4rg\u00e5rd ist einfach Sch\u00e4ren, bzw. (Sch\u00e4ren)archipel.<\/p>\n<p><img loading=\"lazy\" decoding=\"async\" class=\" wp-image-36\" src=\"https:\/\/skarja.de\/wp-content\/uploads\/2025\/11\/P7130027-300x225.jpg\" alt=\"\" width=\"599\" height=\"449\" srcset=\"https:\/\/skarja.de\/wp-content\/uploads\/2025\/11\/P7130027-300x225.jpg 300w, https:\/\/skarja.de\/wp-content\/uploads\/2025\/11\/P7130027-1024x768.jpg 1024w, https:\/\/skarja.de\/wp-content\/uploads\/2025\/11\/P7130027-768x576.jpg 768w, https:\/\/skarja.de\/wp-content\/uploads\/2025\/11\/P7130027-1536x1152.jpg 1536w, https:\/\/skarja.de\/wp-content\/uploads\/2025\/11\/P7130027.jpg 1600w\" sizes=\"auto, (max-width: 599px) 100vw, 599px\" \/><\/p>\n<p>Gemeint sind die vielen zigtausend Inseln die verstreut, oft bis weit ins Meer hinaus vor der schwedischen K\u00fcste liegen. Ein einfach Paradiesisches Revier um in der natur unterwegs zu sein.<\/p>\n<p>Viele Gebiete der Sch\u00e4renwelt stehen unter naturschutz und d\u00fcrfen nicht ver\u00e4ndert werden.<\/p>\n<p>Die Sch\u00e4ren besitzen ein reichhaltiges Vogelleben. Viele M\u00f6venarten wie Heringsm\u00f6we, \u00a0Lachm\u00f6we und andere M\u00f6wenarten, verschiedene \u00a0Entenarten, Haubentaucher und Seeschwalbenkolonien.<br \/>\nAuf kahlen kleinen Inseln trifft man \u00f6fter Eiderenten, Austernfischer und Brandg\u00e4nse. Auch m\u00e4chtige Seeadler sind nach l\u00e4ngerer Schutzzeit wieder vorhanden. Ebenso haben sich andere Tierarten wie z.B. die Kegelrobben kr\u00e4ftig erholt die letzten Jahre.<br \/>\nLetztens haben wir sogar 2 Robben im Hafen von Ark\u00f6sund getroffen.<\/p>\n<p><img loading=\"lazy\" decoding=\"async\" class=\"alignnone wp-image-448\" src=\"https:\/\/skarja.de\/wp-content\/uploads\/2026\/01\/P1000992-300x200.jpg\" alt=\"\" width=\"599\" height=\"399\" srcset=\"https:\/\/skarja.de\/wp-content\/uploads\/2026\/01\/P1000992-300x200.jpg 300w, https:\/\/skarja.de\/wp-content\/uploads\/2026\/01\/P1000992-1024x684.jpg 1024w, https:\/\/skarja.de\/wp-content\/uploads\/2026\/01\/P1000992-768x513.jpg 768w, https:\/\/skarja.de\/wp-content\/uploads\/2026\/01\/P1000992.jpg 1100w\" sizes=\"auto, (max-width: 599px) 100vw, 599px\" \/><\/p>\n<p>Die Flora der Sch\u00e4reng\u00e4rten ist sehr unterschiedlich. Die Westsch\u00e4ren sind durch die starke Abholzung der letzten Jahrhunderte sehr kahl, in den Ostsch\u00e4ren sind die Inseln meist mit Kiefernw\u00e4ldern, durchsetzt mit wenigen Espen, Eichen und Erlen, vereinzelt auch Birken.<\/p>\n<p>Besondere Spezies auf den \u00e4usseren Sch\u00e4ren \u00a0sind Dickblattgew\u00e4chse, wilde Stiefm\u00fctterchen, gelb Mauerpfeffer und Pechnelke. Ebenso findet man ab und zu gr\u00f6ssere Orchideenkolonien, eine besondere Art sind \u201eAdam &amp; Eva\u201c, eine Orchidee mit einmal gelben und ein andermal violetten Bl\u00fcten.<\/p>\n<p>Schweden verf\u00fcgt \u00fcber mehrere ausgedehnte Sch\u00e4reng\u00e4rten, die sich in ihrem Charakter deutlich unterscheiden:<span class=\"uJ19be notranslate\" data-wiz-uids=\"nYOYBc_p,nYOYBc_q,nYOYBc_r\" data-complete=\"true\" data-processed=\"true\"><span class=\"vKEkVd\" data-animation-atomic=\"\" data-wiz-attrbind=\"class=nYOYBc_p\/TKHnVd;\" data-sae=\"\">\u00a0<\/span><\/span><\/p>\n<div class=\"Y3BBE\" data-sfc-cp=\"\" data-hveid=\"CAQQAA\" data-processed=\"true\" data-complete=\"true\"><\/div>\n<ul class=\"KsbFXc U6u95\" data-processed=\"true\" data-complete=\"true\">\n<li data-hveid=\"CAYQAA\" data-complete=\"true\" data-sae=\"\"><span class=\"T286Pc\" data-sfc-cp=\"\" data-complete=\"true\"><strong class=\"Yjhzub\" data-complete=\"true\">Stockholmer Sch\u00e4rengarten:<\/strong> Mit rund 30.000 Inseln der gr\u00f6\u00dfte des Landes. Bekannte Inseln wie <strong class=\"Yjhzub\" data-complete=\"true\">Vaxholm<\/strong> (die \u201eHauptstadt\u201c), <strong class=\"Yjhzub\" data-complete=\"true\">Sandhamn<\/strong> und <strong class=\"Yjhzub\" data-complete=\"true\">Grinda<\/strong> sind per F\u00e4hre leicht von der Hauptstadt aus erreichbar. Seit 2025\/2026 bietet der neue <strong class=\"Yjhzub\" data-complete=\"true\">Stockholm Archipelago Trail<\/strong> Wanderern 270 km Strecke \u00fcber 21 Inseln.<\/span><\/li>\n<li data-hveid=\"CAYQAQ\" data-complete=\"true\" data-processed=\"true\" data-sae=\"\"><span class=\"T286Pc\" data-sfc-cp=\"\" data-complete=\"true\"><strong class=\"Yjhzub\" data-complete=\"true\">Westk\u00fcste (Bohusl\u00e4n &amp; G\u00f6teborg):<\/strong> Bekannt f\u00fcr karge, salzige Felsen und Orte wie <strong class=\"Yjhzub\" data-complete=\"true\">Sm\u00f6gen<\/strong>, <strong class=\"Yjhzub\" data-complete=\"true\">Fj\u00e4llbacka<\/strong> und den Nationalpark <strong class=\"Yjhzub\" data-complete=\"true\">Kosterhavet<\/strong>. Der G\u00f6teborger Sch\u00e4rengarten ist besonders bei Outdoor-Fans zum Kajakfahren beliebt.<\/span><\/li>\n<li data-hveid=\"CAYQAg\" data-complete=\"true\" data-processed=\"true\" data-sae=\"\"><span class=\"T286Pc\" data-sfc-cp=\"\" data-complete=\"true\"><strong class=\"Yjhzub\" data-complete=\"true\">S\u00fcdostk\u00fcste (Blekinge &amp; V\u00e4stervik):<\/strong> Eine lieblichere Landschaft mit viel Wald und Kultur, oft als \u201eGarten Schwedens\u201c bezeichnet.<\/span><span class=\"uJ19be notranslate\" data-wiz-uids=\"nYOYBc_2n,nYOYBc_2o,nYOYBc_2p\" data-complete=\"true\"><span class=\"vKEkVd\" data-animation-atomic=\"\" data-wiz-attrbind=\"class=nYOYBc_2n\/TKHnVd;\" data-sae=\"\">\u00a0<\/span><\/span><\/li>\n<\/ul>\n<div class=\"Fsg96\" data-sfc-cp=\"\" data-complete=\"true\" data-processed=\"true\"><\/div>\n<div class=\"otQkpb\" role=\"heading\" aria-level=\"3\" data-animation-nesting=\"\" data-sfc-cp=\"\" data-processed=\"true\" data-sae=\"\" data-complete=\"true\">Aktivit\u00e4ten und Erlebnisse<\/div>\n<div class=\"otQkpb\" role=\"heading\" aria-level=\"3\" data-animation-nesting=\"\" data-sfc-cp=\"\" data-processed=\"true\" data-sae=\"\" data-complete=\"true\"><\/div>\n<ul class=\"KsbFXc U6u95\" data-processed=\"true\" data-complete=\"true\">\n<li data-hveid=\"CAgQAA\" data-complete=\"true\" data-sae=\"\"><span class=\"T286Pc\" data-sfc-cp=\"\" data-complete=\"true\"><strong class=\"Yjhzub\" data-complete=\"true\">Inselhopping:<\/strong> Ein dichtes Netz aus \u00f6ffentlichen F\u00e4hren erm\u00f6glicht das unkomplizierte Wechseln zwischen bewohnten und unbewohnten Inseln.<\/span><\/li>\n<li data-hveid=\"CAgQAQ\" data-complete=\"true\" data-sae=\"\"><span class=\"T286Pc\" data-sfc-cp=\"\" data-complete=\"true\"><strong class=\"Yjhzub\" data-complete=\"true\">Outdoor-Sport:<\/strong> Kajakfahren zwischen den Sch\u00e4ren, Wandern auf markierten K\u00fcstenpfaden und Radfahren auf gr\u00f6\u00dferen, oft autofreien Inseln.<\/span><\/li>\n<li data-hveid=\"CAgQAg\" data-sae=\"\" data-complete=\"true\"><span class=\"T286Pc\" data-sfc-cp=\"\" data-complete=\"true\"><strong class=\"Yjhzub\" data-complete=\"true\">Kultur &amp; Kulinarik:<\/strong> Besuch historischer Festungen (z. B. Vaxholm) und Genuss von frischen Meeresfr\u00fcchten in den Hafenorten.<\/span><\/li>\n<\/ul>\n<\/div>\n","protected":false},"excerpt":{"rendered":"<p>Sch\u00e4renk\u00fcste An der schwedischen K\u00fcste gibt es zehntausende von Sch\u00e4ren; der ber\u00fchmte Stockholmer Sch\u00e4rengarten allein umfasst rund 30.000 Inseln, Felsen und Sch\u00e4ren, die sich f\u00e4cherf\u00f6rmig in die Ostsee erstrecken, aber auch Gebiete wie Bohusl\u00e4n an der Westk\u00fcste haben \u00fcber 8.000 Inseln, die eine beeindruckende Sch\u00e4renlandschaft bilden.\u00a0 Eine Sch\u00e4re (schwedisch Sk\u00e4r) ist eine kleine Insel, die &hellip; <\/p>\n<p class=\"link-more\"><a href=\"https:\/\/skarja.de\/index.php\/schaeren\/\" class=\"more-link\"><span class=\"screen-reader-text\">\u201eSchaeren\u201c <\/span>weiterlesen<\/a><\/p>\n","protected":false},"author":1,"featured_media":0,"parent":0,"menu_order":0,"comment_status":"closed","ping_status":"closed","template":"","meta":{"footnotes":""},"class_list":["post-445","page","type-page","status-publish","hentry"],"_links":{"self":[{"href":"https:\/\/skarja.de\/index.php\/wp-json\/wp\/v2\/pages\/445","targetHints":{"allow":["GET"]}}],"collection":[{"href":"https:\/\/skarja.de\/index.php\/wp-json\/wp\/v2\/pages"}],"about":[{"href":"https:\/\/skarja.de\/index.php\/wp-json\/wp\/v2\/types\/page"}],"author":[{"embeddable":true,"href":"https:\/\/skarja.de\/index.php\/wp-json\/wp\/v2\/users\/1"}],"replies":[{"embeddable":true,"href":"https:\/\/skarja.de\/index.php\/wp-json\/wp\/v2\/comments?post=445"}],"version-history":[{"count":6,"href":"https:\/\/skarja.de\/index.php\/wp-json\/wp\/v2\/pages\/445\/revisions"}],"predecessor-version":[{"id":850,"href":"https:\/\/skarja.de\/index.php\/wp-json\/wp\/v2\/pages\/445\/revisions\/850"}],"wp:attachment":[{"href":"https:\/\/skarja.de\/index.php\/wp-json\/wp\/v2\/media?parent=445"}],"curies":[{"name":"wp","href":"https:\/\/api.w.org\/{rel}","templated":true}]}}