{"id":78,"date":"2025-12-28T13:38:26","date_gmt":"2025-12-28T13:38:26","guid":{"rendered":"https:\/\/skarja.de\/?page_id=78"},"modified":"2026-03-31T18:18:13","modified_gmt":"2026-03-31T18:18:13","slug":"galerien-winter","status":"publish","type":"page","link":"https:\/\/skarja.de\/index.php\/galerien\/galerien-winter\/","title":{"rendered":"Fotos Winter"},"content":{"rendered":"<p>Die Wintertouren:<\/p>\n<p><a href=\"https:\/\/skarja.de\/Galerien\/winter\/wi2007\/\">Winter 2007 Padjelanta<\/a><\/p>\n<p><a href=\"https:\/\/skarja.de\/Galerien\/winter\/hardanger07\/\">Winter Hardangervidda 2007<\/a><\/p>\n<p><a href=\"https:\/\/skarja.de\/Galerien\/winter\/wi2008\/\">Winter 2008 Narvikfj\u00e4ll<\/a><\/p>\n<p><a href=\"https:\/\/skarja.de\/Galerien\/winter\/wi2009\/\">Winter 2009 Sarek<\/a><\/p>\n<p><a href=\"https:\/\/skarja.de\/Galerien\/winter\/wischaer2010\/\">Winter in den Sch\u00e4ren 2010<\/a><\/p>\n<p><a href=\"https:\/\/skarja.de\/Galerien\/winter\/wi2010\/\">Winter 2010 Narvikfj\u00e4ll<\/a><\/p>\n<p><a href=\"https:\/\/skarja.de\/Galerien\/winter\/wi2011\/\">Winter 2011 Sarek solo<\/a><\/p>\n<p><a href=\"https:\/\/skarja.de\/Galerien\/winter\/wi2012\/\">Winter 2012 Sarek<\/a><\/p>\n<p><a href=\"https:\/\/skarja.de\/Galerien\/winter\/wi2013\/\">Winter 2013 Sarek<\/a><\/p>\n<p><a href=\"https:\/\/skarja.de\/Galerien\/winter\/wi2015\/\">Winter 2015 Sarek<\/a><\/p>\n<p><a href=\"https:\/\/skarja.de\/Galerien\/winter\/2016_winter\/\">Winter 2016\u00a0 Sarek<\/a><\/p>\n<p><a href=\"https:\/\/skarja.de\/Galerien\/winter\/wint2017\/\">Winter 2017 Sarek<\/a><\/p>\n<p><a href=\"https:\/\/skarja.de\/Galerien\/winter\/wint2018\/\">Winter 2018 Sarek<\/a><\/p>\n<p><a href=\"https:\/\/skarja.de\/Galerien\/winter\/wi2026\/\">Winter 2026 Sarek<\/a><\/p>\n<p style=\"padding-left: 160px;\">\n","protected":false},"excerpt":{"rendered":"<p>Die Wintertouren: Winter 2007 Padjelanta Winter Hardangervidda 2007 Winter 2008 Narvikfj\u00e4ll Winter 2009 Sarek Winter in den Sch\u00e4ren 2010 Winter 2010 Narvikfj\u00e4ll Winter 2011 Sarek solo Winter 2012 Sarek Winter 2013 Sarek Winter 2015 Sarek Winter 2016\u00a0 Sarek Winter 2017 Sarek Winter 2018 Sarek Winter 2026 Sarek<\/p>\n","protected":false},"author":1,"featured_media":341,"parent":205,"menu_order":2,"comment_status":"closed","ping_status":"closed","template":"","meta":{"footnotes":""},"class_list":["post-78","page","type-page","status-publish","has-post-thumbnail","hentry"],"_links":{"self":[{"href":"https:\/\/skarja.de\/index.php\/wp-json\/wp\/v2\/pages\/78","targetHints":{"allow":["GET"]}}],"collection":[{"href":"https:\/\/skarja.de\/index.php\/wp-json\/wp\/v2\/pages"}],"about":[{"href":"https:\/\/skarja.de\/index.php\/wp-json\/wp\/v2\/types\/page"}],"author":[{"embeddable":true,"href":"https:\/\/skarja.de\/index.php\/wp-json\/wp\/v2\/users\/1"}],"replies":[{"embeddable":true,"href":"https:\/\/skarja.de\/index.php\/wp-json\/wp\/v2\/comments?post=78"}],"version-history":[{"count":18,"href":"https:\/\/skarja.de\/index.php\/wp-json\/wp\/v2\/pages\/78\/revisions"}],"predecessor-version":[{"id":834,"href":"https:\/\/skarja.de\/index.php\/wp-json\/wp\/v2\/pages\/78\/revisions\/834"}],"up":[{"embeddable":true,"href":"https:\/\/skarja.de\/index.php\/wp-json\/wp\/v2\/pages\/205"}],"wp:featuredmedia":[{"embeddable":true,"href":"https:\/\/skarja.de\/index.php\/wp-json\/wp\/v2\/media\/341"}],"wp:attachment":[{"href":"https:\/\/skarja.de\/index.php\/wp-json\/wp\/v2\/media?parent=78"}],"curies":[{"name":"wp","href":"https:\/\/api.w.org\/{rel}","templated":true}]}}