{"id":9,"date":"2025-11-23T18:08:25","date_gmt":"2025-11-23T18:08:25","guid":{"rendered":"https:\/\/skarja.de\/?page_id=9"},"modified":"2026-03-31T17:47:25","modified_gmt":"2026-03-31T17:47:25","slug":"startseite-2","status":"publish","type":"page","link":"https:\/\/skarja.de\/","title":{"rendered":"Startseite"},"content":{"rendered":"<p>&nbsp;<\/p>\n<p>Willkommen auf der neuen Seite von Skarja.de<\/p>\n<p>Hier wird noch gebastelt!<\/p>\n<p>Ziel ist es etwas \u00fcber die Landschaft Skandinaviens, insbesondere Schwedens zu zeigen und vielleicht auch Lust auf eigenes Erleben zu wecken.<\/p>\n<p>Meine Begeisterung f\u00fcr den <strong>Sarek- Nationalpark<\/strong> begann mit einem Diavortrag meines Bruders. Da dieser im Jahr darauf in den Nationalpark zu einer Wanderung aufbrechen wollte, musste ich unbedingt mit (1982).<br \/>\nUnd die Jahre danach bin ich immer wieder in Lappland gewandert, und habe auch fast jedesmal dem Sarek einen Besuch abgestattet.<\/p>\n<p>Was bedeutet eigentlich &#8222;Skarja&#8220;?<br \/>\nGanz einfach- &#8222;Schere&#8220;.<br \/>\nDie T\u00e4ler gehen am Skarja scherenf\u00f6rmig ab- Alggavagge, Guohpervagge, Ruohtesvagge und Rapadalen.<\/p>\n<p><img loading=\"lazy\" decoding=\"async\" class=\"alignnone wp-image-712\" src=\"https:\/\/skarja.de\/wp-content\/uploads\/2026\/01\/DSC_0175-300x199.jpg\" alt=\"\" width=\"600\" height=\"398\" srcset=\"https:\/\/skarja.de\/wp-content\/uploads\/2026\/01\/DSC_0175-300x199.jpg 300w, https:\/\/skarja.de\/wp-content\/uploads\/2026\/01\/DSC_0175-768x510.jpg 768w, https:\/\/skarja.de\/wp-content\/uploads\/2026\/01\/DSC_0175.jpg 900w\" sizes=\"auto, (max-width: 600px) 100vw, 600px\" \/><\/p>\n<p>&nbsp;<\/p>\n<p>Dabei habe ich alle T\u00e4ler des Sarek bewandert und jede Menge Fotos geschossen, eine Auswahl<br \/>\n(die noch erweitert wird) wird in den einzelnen Diashows gezeigt.<br \/>\nDie Bilder stammen aus dem Zeitraum 1984-2025<\/p>\n<p><img loading=\"lazy\" decoding=\"async\" class=\"alignnone wp-image-552\" src=\"https:\/\/skarja.de\/wp-content\/uploads\/2026\/01\/IMG_0167-300x200.jpg\" alt=\"\" width=\"600\" height=\"400\" srcset=\"https:\/\/skarja.de\/wp-content\/uploads\/2026\/01\/IMG_0167-300x200.jpg 300w, https:\/\/skarja.de\/wp-content\/uploads\/2026\/01\/IMG_0167-768x512.jpg 768w, https:\/\/skarja.de\/wp-content\/uploads\/2026\/01\/IMG_0167.jpg 1000w\" sizes=\"auto, (max-width: 600px) 100vw, 600px\" \/><\/p>\n<p>&nbsp;<\/p>\n<p>Sp\u00e4ter kamen auch andere Fortbewegungsmittel hinzu wie Faltboote, Ski und Pulka.<\/p>\n<p><img loading=\"lazy\" decoding=\"async\" class=\"alignnone wp-image-713\" src=\"https:\/\/skarja.de\/wp-content\/uploads\/2026\/01\/IMGP0071-300x225.jpg\" alt=\"\" width=\"600\" height=\"450\" srcset=\"https:\/\/skarja.de\/wp-content\/uploads\/2026\/01\/IMGP0071-300x225.jpg 300w, https:\/\/skarja.de\/wp-content\/uploads\/2026\/01\/IMGP0071-768x576.jpg 768w, https:\/\/skarja.de\/wp-content\/uploads\/2026\/01\/IMGP0071.jpg 933w\" sizes=\"auto, (max-width: 600px) 100vw, 600px\" \/><\/p>\n<p>Die Reisen wuerden ausgedehnt auf -vor allem- die phantastischen Sch\u00e4reng\u00fcrtel entlang der schwedischen K\u00fcste, ebenso wurde der Winter als wunderbare &#8222;Wanderzeit&#8220; entdeckt.<\/p>\n<p>Heute lebe ich in Schweden in einem kleinen Haus am Angerman\u00e4lven im Gebiet der Hohen K\u00fcste.<\/p>\n<p><img loading=\"lazy\" decoding=\"async\" class=\"alignnone wp-image-721\" src=\"https:\/\/skarja.de\/wp-content\/uploads\/2026\/01\/Unbenannt-2-300x296.jpg\" alt=\"\" width=\"413\" height=\"407\" srcset=\"https:\/\/skarja.de\/wp-content\/uploads\/2026\/01\/Unbenannt-2-300x296.jpg 300w, https:\/\/skarja.de\/wp-content\/uploads\/2026\/01\/Unbenannt-2-1024x1010.jpg 1024w, https:\/\/skarja.de\/wp-content\/uploads\/2026\/01\/Unbenannt-2-768x758.jpg 768w, https:\/\/skarja.de\/wp-content\/uploads\/2026\/01\/Unbenannt-2-100x100.jpg 100w, https:\/\/skarja.de\/wp-content\/uploads\/2026\/01\/Unbenannt-2.jpg 1483w\" sizes=\"auto, (max-width: 413px) 100vw, 413px\" \/><\/p>\n<p>Peter<\/p>\n","protected":false},"excerpt":{"rendered":"<p>&nbsp; Willkommen auf der neuen Seite von Skarja.de Hier wird noch gebastelt! Ziel ist es etwas \u00fcber die Landschaft Skandinaviens, insbesondere Schwedens zu zeigen und vielleicht auch Lust auf eigenes Erleben zu wecken. Meine Begeisterung f\u00fcr den Sarek- Nationalpark begann mit einem Diavortrag meines Bruders. Da dieser im Jahr darauf in den Nationalpark zu einer &hellip; <\/p>\n<p class=\"link-more\"><a href=\"https:\/\/skarja.de\/\" class=\"more-link\"><span class=\"screen-reader-text\">\u201eStartseite\u201c <\/span>weiterlesen<\/a><\/p>\n","protected":false},"author":1,"featured_media":684,"parent":0,"menu_order":1,"comment_status":"closed","ping_status":"closed","template":"","meta":{"footnotes":""},"class_list":["post-9","page","type-page","status-publish","has-post-thumbnail","hentry"],"_links":{"self":[{"href":"https:\/\/skarja.de\/index.php\/wp-json\/wp\/v2\/pages\/9","targetHints":{"allow":["GET"]}}],"collection":[{"href":"https:\/\/skarja.de\/index.php\/wp-json\/wp\/v2\/pages"}],"about":[{"href":"https:\/\/skarja.de\/index.php\/wp-json\/wp\/v2\/types\/page"}],"author":[{"embeddable":true,"href":"https:\/\/skarja.de\/index.php\/wp-json\/wp\/v2\/users\/1"}],"replies":[{"embeddable":true,"href":"https:\/\/skarja.de\/index.php\/wp-json\/wp\/v2\/comments?post=9"}],"version-history":[{"count":15,"href":"https:\/\/skarja.de\/index.php\/wp-json\/wp\/v2\/pages\/9\/revisions"}],"predecessor-version":[{"id":756,"href":"https:\/\/skarja.de\/index.php\/wp-json\/wp\/v2\/pages\/9\/revisions\/756"}],"wp:featuredmedia":[{"embeddable":true,"href":"https:\/\/skarja.de\/index.php\/wp-json\/wp\/v2\/media\/684"}],"wp:attachment":[{"href":"https:\/\/skarja.de\/index.php\/wp-json\/wp\/v2\/media?parent=9"}],"curies":[{"name":"wp","href":"https:\/\/api.w.org\/{rel}","templated":true}]}}